{"id":866,"date":"2025-03-30T12:00:09","date_gmt":"2025-03-30T10:00:09","guid":{"rendered":"https:\/\/www.kipuka.fr\/site\/?post_type=product&#038;p=866"},"modified":"2025-08-25T11:56:35","modified_gmt":"2025-08-25T09:56:35","slug":"carte-volcanologique-de-la-chaine-des-puys","status":"publish","type":"product","link":"https:\/\/www.kipuka.fr\/site\/produit\/carte-volcanologique-de-la-chaine-des-puys\/","title":{"rendered":"Carte volcanologique de la Cha\u00eene des Puys"},"content":{"rendered":"<p>\u00c9dit\u00e9e par le Parc des Volcans d&rsquo;Auvergne, cette <strong>carte volcanologique<\/strong> pr\u00e9sente la Cha\u00eene des Puys \u00e0 l&rsquo;\u00e9chelle 1:25 000. Les c\u00f4nes, les d\u00f4mes, les maars, ainsi que leurs produits (coul\u00e9es de lave, cendres&#8230;) y sont cartographi\u00e9s de fa\u00e7on claire. Les \u00e2ges des diff\u00e9rentes formations sont report\u00e9s, tandis que les couleurs repr\u00e9sentent la composition chimique des diff\u00e9rentes roches volcaniques. Il s&rsquo;agit de la derni\u00e8re \u00e9dition (6<sup>e<\/sup>), parue en 2017 et incluant donc les d\u00e9couvertes des plus r\u00e9cents travaux de recherche. Cette magnifique carte peut \u00eatre affich\u00e9e sur un mur ou emmen\u00e9e en randonn\u00e9e pour interpr\u00e9ter le paysage (en compl\u00e9ment d&rsquo;une carte topographique). Sous la coordination de Pierre Boivin et \u00c9ric Langlois.<\/p>\n<p>Format : 11 \u00d7 23 cm (pli\u00e9e), 90 \u00d7 120 cm (d\u00e9pli\u00e9e).<\/p>\n","protected":false},"excerpt":{"rendered":"<p>Carte volcanologique de la Cha\u00eene des Puys, 6<sup>e<\/sup> \u00e9dition, version pli\u00e9e, sans notice.<\/p>\n","protected":false},"featured_media":867,"template":"","meta":[],"product_brand":[],"product_cat":[23],"product_tag":[],"class_list":{"0":"post-866","1":"product","2":"type-product","3":"status-publish","4":"has-post-thumbnail","6":"product_cat-cartes","7":"product_shipping_class-cartes","9":"first","10":"outofstock","11":"shipping-taxable","12":"purchasable","13":"product-type-simple"},"_links":{"self":[{"href":"https:\/\/www.kipuka.fr\/site\/wp-json\/wp\/v2\/product\/866","targetHints":{"allow":["GET"]}}],"collection":[{"href":"https:\/\/www.kipuka.fr\/site\/wp-json\/wp\/v2\/product"}],"about":[{"href":"https:\/\/www.kipuka.fr\/site\/wp-json\/wp\/v2\/types\/product"}],"wp:featuredmedia":[{"embeddable":true,"href":"https:\/\/www.kipuka.fr\/site\/wp-json\/wp\/v2\/media\/867"}],"wp:attachment":[{"href":"https:\/\/www.kipuka.fr\/site\/wp-json\/wp\/v2\/media?parent=866"}],"wp:term":[{"taxonomy":"product_brand","embeddable":true,"href":"https:\/\/www.kipuka.fr\/site\/wp-json\/wp\/v2\/product_brand?post=866"},{"taxonomy":"product_cat","embeddable":true,"href":"https:\/\/www.kipuka.fr\/site\/wp-json\/wp\/v2\/product_cat?post=866"},{"taxonomy":"product_tag","embeddable":true,"href":"https:\/\/www.kipuka.fr\/site\/wp-json\/wp\/v2\/product_tag?post=866"}],"curies":[{"name":"wp","href":"https:\/\/api.w.org\/{rel}","templated":true}]}}