{"id":683,"date":"2023-12-31T12:00:32","date_gmt":"2023-12-31T11:00:32","guid":{"rendered":"https:\/\/www.kipuka.fr\/site\/?post_type=product&#038;p=683"},"modified":"2024-12-06T18:05:06","modified_gmt":"2024-12-06T17:05:06","slug":"kipuka-4","status":"publish","type":"product","link":"https:\/\/www.kipuka.fr\/site\/produit\/kipuka-4\/","title":{"rendered":"k\u012bpuka #4"},"content":{"rendered":"<p>Au sommaire du num\u00e9ro 4 de <strong>k\u012bpuka<\/strong>, paru le 31 d\u00e9cembre 2023 :<\/p>\n<p><strong>L\u2019actualit\u00e9 \u00e9ruptive du quatri\u00e8me trimestre 2023<\/strong><br \/>\nCe num\u00e9ro propose un focus sur la crise non \u00e9ruptive islandaise \u2013 la revue \u00e9tant partie \u00e0 l&rsquo;impression juste avant que la lave ne se d\u00e9cide finalement \u00e0 sortir&#8230; La naissance d&rsquo;un nouvel \u00eelot au Japon est l&rsquo;occasion de discuter sur la fr\u00e9quence du ph\u00e9nom\u00e8ne. Des \u00e9ruptions mortelles au Marapi et \u00e0 l&rsquo;Ulawun.<\/p>\n<p><strong>L\u2019actualit\u00e9 scientifique du quatri\u00e8me trimestre 2023<\/strong><br \/>\nSuite \u00e0 une rencontre de la communaut\u00e9 volcanologique fran\u00e7aise, on fait le point sur la situation des volcans antillais. On revient \u00e9galement sur deux \u00e9tudes consacr\u00e9es \u00e0 des volcans \u00ab\u00a0connect\u00e9s\u00a0\u00bb. Enfin, le volcanisme extraterrestre sera \u00e0 l&rsquo;honneur avec un possible super(cryo)volcan sur Pluton et des images de la chaleur volcanique de Io.<\/p>\n<p><strong>Les meules volcaniques<\/strong><br \/>\nLe basalte est utilis\u00e9 en tant que pierre meuli\u00e8re depuis des mill\u00e9naires. Sous l&#8217;empire romain, de grands centres carriers exportaient cette ressources sur des distances consid\u00e9rables. En Am\u00e9rique centrale actuelle, l&rsquo;usage du metate, une meule dormante en roche volcanique, est toujours vivace.<\/p>\n<p><strong>Au c\u0153ur des tunnels de lave : g\u00e9ologie, \u00e9cologie, arch\u00e9ologie<\/strong><br \/>\nLes tunnels de lave sont des formations g\u00e9ologiques spectaculaires mais courantes. Une fois refroidis, ils offrent un abri \u00e0 toutes sortes de formes de vie : plantes, animaux&#8230; Mais aussi des civilisations humaines, qui y ont souvent trouv\u00e9 refuge et ressources. Un dossier au carrefour entre g\u00e9ologie, \u00e9cologie et arch\u00e9ologie.<\/p>\n<p><strong>Les A\u00e7ores, ou l&rsquo;Auvergne au milieu de l&rsquo;Atlantique<\/strong><br \/>\nLes A\u00e7ores poss\u00e8dent une grande diversit\u00e9 de paysages d&rsquo;origine volcanique. Depuis les laves en coussin de Santa Maria, t\u00e9moins de l\u2019enfance sous-marine des \u00eeles, jusqu&rsquo;au sommet du stratovolcan Pico, point culminant du Portugal, en passant par des caldeiras plus belles les unes que les autres, l&rsquo;archipel portugais est un manuel de volcanologie \u00e0 ciel ouvert.<\/p>\n<p><a href=\"https:\/\/www.kipuka.fr\/site\/white-terraces-de-charles-blomfield\/\"><strong>White Terraces, de Charles Blomfield<\/strong><\/a><br \/>\nL&rsquo;image des Pink and White Terraces, site n\u00e9o-z\u00e9landais autrefois consid\u00e9r\u00e9 comme une merveille naturelle, a surv\u00e9cu \u00e0 leur disparition en 1886 gr\u00e2ce au peintre anglais Charles Blomfield. Retour sur les destins intimement li\u00e9s de cette formation volcanique et d&rsquo;un artiste autodidacte prolifique.<\/p>\n<p><a href=\"https:\/\/www.kipuka.fr\/site\/frodo-a-t-il-vraiment-pu-echapper-a-leruption-du-mont-destin\/\"><strong>Frodo a-t-il pu survivre \u00e0 l&rsquo;\u00e9ruption du Mont Destin ?<\/strong><\/a><br \/>\nDerri\u00e8re cette interrogation absurde se cache une analyse des diff\u00e9rents al\u00e9as volcaniques identifiables dans l&rsquo;\u00e9ruption d\u00e9crite par Tolkien dans <em>Le Retour du roi<\/em>. Retomb\u00e9e de cendres, coul\u00e9e de lave, gaz&#8230; Quelle est la dangerosit\u00e9 de ces al\u00e9as, et comment les protagonistes du roman pouvaient y \u00e9chapper ?<\/p>\n","protected":false},"excerpt":{"rendered":"<p>Num\u00e9ro 4 de k\u012bpuka (version papier). 52 pages au format 20 \u00d7 27 cm.<\/p>\n","protected":false},"featured_media":530,"template":"","meta":[],"product_brand":[],"product_cat":[21],"product_tag":[],"class_list":{"0":"post-683","1":"product","2":"type-product","3":"status-publish","4":"has-post-thumbnail","6":"product_cat-revues","7":"product_shipping_class-revue","9":"first","10":"instock","11":"shipping-taxable","12":"purchasable","13":"product-type-simple"},"_links":{"self":[{"href":"https:\/\/www.kipuka.fr\/site\/wp-json\/wp\/v2\/product\/683","targetHints":{"allow":["GET"]}}],"collection":[{"href":"https:\/\/www.kipuka.fr\/site\/wp-json\/wp\/v2\/product"}],"about":[{"href":"https:\/\/www.kipuka.fr\/site\/wp-json\/wp\/v2\/types\/product"}],"wp:featuredmedia":[{"embeddable":true,"href":"https:\/\/www.kipuka.fr\/site\/wp-json\/wp\/v2\/media\/530"}],"wp:attachment":[{"href":"https:\/\/www.kipuka.fr\/site\/wp-json\/wp\/v2\/media?parent=683"}],"wp:term":[{"taxonomy":"product_brand","embeddable":true,"href":"https:\/\/www.kipuka.fr\/site\/wp-json\/wp\/v2\/product_brand?post=683"},{"taxonomy":"product_cat","embeddable":true,"href":"https:\/\/www.kipuka.fr\/site\/wp-json\/wp\/v2\/product_cat?post=683"},{"taxonomy":"product_tag","embeddable":true,"href":"https:\/\/www.kipuka.fr\/site\/wp-json\/wp\/v2\/product_tag?post=683"}],"curies":[{"name":"wp","href":"https:\/\/api.w.org\/{rel}","templated":true}]}}