{"id":584,"date":"2023-03-31T12:00:40","date_gmt":"2023-03-31T10:00:40","guid":{"rendered":"https:\/\/www.kipuka.fr\/site\/?post_type=product&#038;p=584"},"modified":"2024-10-10T21:06:29","modified_gmt":"2024-10-10T19:06:29","slug":"kipuka-1","status":"publish","type":"product","link":"https:\/\/www.kipuka.fr\/site\/produit\/kipuka-1\/","title":{"rendered":"k\u012bpuka #1"},"content":{"rendered":"<p>Au sommaire du num\u00e9ro 1 de <strong>k\u012bpuka<\/strong>, paru le 31 mars 2023 :<\/p>\n<p><strong>L&rsquo;actualit\u00e9 \u00e9ruptive du premier trimestre 2023<\/strong><br \/>\nLe r\u00e9veil du K\u012blauea, avec un beau lac de lave perch\u00e9\u00a0; les nu\u00e9es ardentes du Merapi\u00a0; les questions des scientifiques islandais sur la fonte pr\u00e9coce de la glace de l\u2019Askja\u00a0; plusieurs \u00e9ruptions sous-marines ayant donn\u00e9 lieu \u00e0 de belles images satellite&#8230;<\/p>\n<p><strong>L&rsquo;actualit\u00e9 scientifique du premier trimestre 2023<\/strong><br \/>\nUne \u00e9tude de la morphologie de l\u2019Etna qui montre que le volcan a chang\u00e9 de point culminant, gagnant 20 m\u00e8tres\u00a0; une \u00e9tude faisant un lien entre baisse du niveau marin et activit\u00e9 volcanique \u00e0 Hawa\u00ef\u00a0; les effets atmosph\u00e9riques de l\u2019\u00e9ruption du Hunga Tonga\u2013Hunga Ha\u2018apai\u2026 On \u00e9voque \u00e9galement les forages qui viennent d\u2019\u00eatre effectu\u00e9s \u00e0 Santorin par le programme IODP.<\/p>\n<p><strong>L&rsquo;\u00e9ruption : K\u012blauea, 2018<\/strong><br \/>\nOn fait le point sur l&rsquo;\u00e9ruption du K\u012blauea en 2018, la plus importante \u2013 et destructrice \u2013 des 200 derni\u00e8res ann\u00e9es dans la zone de rift est du volcan. Le combat entre Pele (d\u00e9esse du volcan) et sa s\u0153ur N\u0101maka (d\u00e9esse de la mer) lors de l\u2019arriv\u00e9e de la lave dans l\u2019oc\u00e9an cr\u00e9e les impressionnants panaches de vapeur en couverture de la revue. On discute aussi de surprenantes interactions entre cette \u00e9ruption et le climat de Big Island.<\/p>\n<p><strong>Lutter contre la lave : c&rsquo;est possible !<\/strong><br \/>\nEn \u00e9cho \u00e0 l\u2019\u00e9ruption de K\u012blauea, le dossier du trimestre est consacr\u00e9 \u00e0 la lutte contre les coul\u00e9es de lave. On passe en revue les diverses techniques employ\u00e9es pour essayer de d\u00e9vier ou stopper les coul\u00e9es\u00a0: br\u00e8che, barrage, bombardement et arrosage. Avec des exemples de tentatives \u2013 pas toujours fructueuses \u2013 \u00e0 l\u2019appui, en Italie, en Islande, \u00e0 Hawa\u00ef\u2026<\/p>\n<p><strong>Les missionnaires espagnols qui avaient 50 ans d&rsquo;avance<\/strong><br \/>\nUn peu d\u2019histoire, avec les tribulations du padre Eusebio Kino et d\u2019autres J\u00e9suites en Nouvelle-Espagne au tournant du XVIIIe si\u00e8cle. Au cours de leurs voyages, ils travers\u00e8rent le vaste champ volcanique Pinacate, qui comprend des centaines de c\u00f4nes et coul\u00e9es. Ils identifi\u00e8rent les roches basaltiques comme ayant autrefois \u00e9t\u00e9 liquides. Une d\u00e9couverte g\u00e9n\u00e9ralement attribu\u00e9e \u00e0 Jean-\u00c9tienne Guettard\u2026 50 ans plus tard\u00a0!<\/p>\n<p><strong>Cotopaxi, de Frederic Edwin Church<\/strong><br \/>\nDans la rubrique \u00ab\u00a0L&rsquo;image\u00a0\u00bb, on s\u2019int\u00e9resse \u00e0 un tableau du peintre am\u00e9ricain Frederic Edwin Church repr\u00e9sentant le volcan \u00e9quatorien Cotopaxi. Inspir\u00e9 par les r\u00e9cits de Humboldt, Church voyagea en \u00c9quateur, o\u00f9 il puisa la mati\u00e8re de son chef d\u2019\u0153uvre Heart of the Andes. Sa vision paisible du Cotopaxi, peinte en 1855, contraste avec une autre vue de volcan (peinte en 1862) dont l\u2019\u00e9ruption furieuse symbolise la guerre civile am\u00e9ricaine.<\/p>\n<p><strong>L&rsquo;oiseau qui pond sous la cendre volcanique<\/strong><br \/>\nLes environnements volcaniques peuvent constituer des habitats privil\u00e9gi\u00e9s pour certaines esp\u00e8ces. Comme le m\u00e9gapode, seul oiseau \u00e0 ne pas couver ses \u0153ufs\u00a0! Au Vanuatu, en Indon\u00e9sie ou dans les \u00eeles Tonga, plusieurs esp\u00e8ces de m\u00e9gapodes profitent de la chaleur des sols volcaniques pour incuber leurs \u0153ufs.<\/p>\n<p><a href=\"https:\/\/www.kipuka.fr\/site\/pourquoi-les-volcans-sont-ils-plus-grands-sur-mars\/\"><strong>Pourquoi les volcans sont-ils plus grands sur Mars ?<\/strong><\/a><br \/>\nPour finir, on r\u00e9pond \u00e0 la question suivante\u00a0: pourquoi les volcans sont-ils plus grands sur Mars\u00a0? Les volcans martiens atteignent des altitudes fabuleuses\u00a0: Olympus Mons (21,3 km), Ascraeus Mons (18,2 km), Arsia Mons (17,8 km), Pavonis Mons (14,1 km), Elysium Mons (14,1 km). Tectonique, pesanteur, glaciation\u2026 Diff\u00e9rents facteurs contr\u00f4lent la hauteur des montagnes.<\/p>\n","protected":false},"excerpt":{"rendered":"<p>Num\u00e9ro 1 de <strong>k\u012bpuka<\/strong> (version papier). 52 pages au format 20 \u00d7 27 cm.<\/p>\n","protected":false},"featured_media":42,"template":"","meta":[],"product_brand":[],"product_cat":[21],"product_tag":[],"class_list":{"0":"post-584","1":"product","2":"type-product","3":"status-publish","4":"has-post-thumbnail","6":"product_cat-revues","7":"product_shipping_class-revue","9":"first","10":"instock","11":"shipping-taxable","12":"purchasable","13":"product-type-simple"},"_links":{"self":[{"href":"https:\/\/www.kipuka.fr\/site\/wp-json\/wp\/v2\/product\/584","targetHints":{"allow":["GET"]}}],"collection":[{"href":"https:\/\/www.kipuka.fr\/site\/wp-json\/wp\/v2\/product"}],"about":[{"href":"https:\/\/www.kipuka.fr\/site\/wp-json\/wp\/v2\/types\/product"}],"wp:featuredmedia":[{"embeddable":true,"href":"https:\/\/www.kipuka.fr\/site\/wp-json\/wp\/v2\/media\/42"}],"wp:attachment":[{"href":"https:\/\/www.kipuka.fr\/site\/wp-json\/wp\/v2\/media?parent=584"}],"wp:term":[{"taxonomy":"product_brand","embeddable":true,"href":"https:\/\/www.kipuka.fr\/site\/wp-json\/wp\/v2\/product_brand?post=584"},{"taxonomy":"product_cat","embeddable":true,"href":"https:\/\/www.kipuka.fr\/site\/wp-json\/wp\/v2\/product_cat?post=584"},{"taxonomy":"product_tag","embeddable":true,"href":"https:\/\/www.kipuka.fr\/site\/wp-json\/wp\/v2\/product_tag?post=584"}],"curies":[{"name":"wp","href":"https:\/\/api.w.org\/{rel}","templated":true}]}}