{"id":2054,"date":"2026-03-31T11:00:02","date_gmt":"2026-03-31T09:00:02","guid":{"rendered":"https:\/\/www.kipuka.fr\/site\/?post_type=product&#038;p=2054"},"modified":"2026-04-09T11:20:26","modified_gmt":"2026-04-09T09:20:26","slug":"kipuka-13-numerique","status":"publish","type":"product","link":"https:\/\/www.kipuka.fr\/site\/produit\/kipuka-13-numerique\/","title":{"rendered":"k\u012bpuka #13 (num\u00e9rique)"},"content":{"rendered":"<p>Au sommaire du num\u00e9ro 13 de <strong>k\u012bpuka<\/strong>, paru le 31 mars 2026 :<\/p>\n<p><strong>L\u2019actualit\u00e9 \u00e9ruptive du premier trimestre 2026<\/strong><br \/>\nLe Piton de la Fournaise a repris son activit\u00e9, et quelle activit\u00e9 ! Retour sur l&rsquo;\u00e9ruption de f\u00e9vrier-mars, avec la coupure de la route nationale 2 et l&rsquo;entr\u00e9e de la lave dans l&rsquo;oc\u00e9an Indien. \u00c9galement dans l&rsquo;actualit\u00e9 \u00e9ruptive de ce trimestre : le K\u012blauea qui arrose Hawa\u00ef de t\u00e9phras ; l&rsquo;\u00e9ruption du Manaro Voui au Vanuatu ; ou encore celle du Nyamulagira en r\u00e9publique d\u00e9mocratique du Congo.<\/p>\n<p><strong>L\u2019actualit\u00e9 scientifique du premier trimestre 2026<br \/>\n<\/strong>Plusieurs \u00e9tudes r\u00e9centes se penchent sur la balistique \u00e9ruptive, science qui tente de reproduire la trajectoire des projectiles volcaniques. Parmi les autres travaux ayant retenu notre attention : l&rsquo;instabilit\u00e9 du d\u00f4me de la Soufri\u00e8re ; une d\u00e9flation enregistr\u00e9e sous les volcans du Tibesti ; la pr\u00e9sence de tunnels de lave aux dimensions colossales sur V\u00e9nus\u2026<\/p>\n<p><strong>Le soufre volcanique et son exploitation pass\u00e9e<\/strong><br \/>\nLes crat\u00e8res volcaniques se parent souvent de d\u00e9p\u00f4ts jaunes plus ou moins brillants. Tout ce qui brille n\u2019est pas or, et il ne s\u2019agit certes que de soufre. Mais cet \u00e9l\u00e9ment chimique poss\u00e8de plusieurs applications strat\u00e9giques et fait donc l\u2019objet d\u2019une exploitation depuis des si\u00e8cles, en d\u00e9pit des p\u00e9rils \u00e9ruptifs\u2026<\/p>\n<p><strong>Dossier : Les d\u00f4mes de lave<\/strong><br \/>\nLorsque la lave est tr\u00e8s visqueuse, elle \u00e9rige de formidables masses de roche qui rel\u00e8guent la pyramide de Kh\u00e9ops au rang de monticule\u2026 Aussi beaux que dangereux, ces d\u00f4mes de lave constituent en r\u00e9alit\u00e9 une famille aux formes vari\u00e9es, que l&rsquo;on vous pr\u00e9sente \u00e0 travers quelques exemples.<\/p>\n<p><strong>L\u2019\u00e9ruption : Nevado del Ruiz, 1985<\/strong><br \/>\nLe 13 novembre 1985, le Nevado des Ruiz entre en \u00e9ruption. Un \u00e9v\u00e9nement modeste sur le plan g\u00e9ologique : \u00e0 peine 0,1 km<sup>3<\/sup> de magma \u00e9ject\u00e9. Mais la fonte du glacier sommital produit des <em>lahars<\/em> mortels, qui d\u00e9vastent plusieurs villes dans les vall\u00e9es autour du volcan. \u00c0 l\u2019occasion des c\u00e9l\u00e9brations de son quaranti\u00e8me anniversaire, revenons sur les causes de ce drame.<\/p>\n<p><strong>Les volcans d\u2019Hawa\u00ef vus par la Volcano School<\/strong><br \/>\nDans la deuxi\u00e8me moiti\u00e9 du <span style=\"font-variant: small-caps;\">xix<\/span><sup>e<\/sup> si\u00e8cle, les \u00e9ruptions des volcans hawa\u00efens K\u012blauea et Mauna Loa offrent un fabuleux spectacle. Plusieurs peintres s&rsquo;\u00e9merveillent devant cette activit\u00e9 et la repr\u00e9sentent sur leurs toiles. Pr\u00e9sentation de quelques \u0153uvres et artistes embl\u00e9matiques de cette \u00e9cole des volcans.<\/p>\n<p><strong>Le lapin des volcans mexicains<\/strong><br \/>\nAu Mexique, les pentes du Popocat\u00e9petl abritent une petite boule de poils localement appel\u00e9e <em>zacatuche<\/em>. Ce lapin est end\u00e9mique de la poign\u00e9e de volcans voisins de Mexico, o\u00f9 il trouve un milieu favorable dans les prairies d\u2019altitude. Mais cet habitat est aujourd\u2019hui menac\u00e9 par les activit\u00e9s humaines.<\/p>\n<p><strong>Les sols volcaniques sont-ils vraiment si fertiles ?<\/strong><br \/>\nOn pr\u00e9sente parfois les r\u00e9gions volcaniques comme des pays de Cocagne o\u00f9 tout pousserait en abondance. Mais la r\u00e9alit\u00e9 est un peu plus complexe, car la fertilit\u00e9 d\u2019un sol volcanique d\u00e9pend de plusieurs param\u00e8tres. Faisons le point sur la v\u00e9racit\u00e9 de cette image tenace.<\/p>\n","protected":false},"excerpt":{"rendered":"<p>Num\u00e9ro 13 de <strong>k\u012bpuka<\/strong> (version num\u00e9rique). Fichier pdf de 52 pages.<\/p>\n","protected":false},"featured_media":2050,"template":"","meta":[],"product_brand":[],"product_cat":[38,21],"product_tag":[],"class_list":{"0":"post-2054","1":"product","2":"type-product","3":"status-publish","4":"has-post-thumbnail","6":"product_cat-numerique","7":"product_cat-revues","8":"product_shipping_class-revue","10":"first","11":"instock","12":"downloadable","13":"virtual","14":"purchasable","15":"product-type-simple"},"_links":{"self":[{"href":"https:\/\/www.kipuka.fr\/site\/wp-json\/wp\/v2\/product\/2054","targetHints":{"allow":["GET"]}}],"collection":[{"href":"https:\/\/www.kipuka.fr\/site\/wp-json\/wp\/v2\/product"}],"about":[{"href":"https:\/\/www.kipuka.fr\/site\/wp-json\/wp\/v2\/types\/product"}],"wp:featuredmedia":[{"embeddable":true,"href":"https:\/\/www.kipuka.fr\/site\/wp-json\/wp\/v2\/media\/2050"}],"wp:attachment":[{"href":"https:\/\/www.kipuka.fr\/site\/wp-json\/wp\/v2\/media?parent=2054"}],"wp:term":[{"taxonomy":"product_brand","embeddable":true,"href":"https:\/\/www.kipuka.fr\/site\/wp-json\/wp\/v2\/product_brand?post=2054"},{"taxonomy":"product_cat","embeddable":true,"href":"https:\/\/www.kipuka.fr\/site\/wp-json\/wp\/v2\/product_cat?post=2054"},{"taxonomy":"product_tag","embeddable":true,"href":"https:\/\/www.kipuka.fr\/site\/wp-json\/wp\/v2\/product_tag?post=2054"}],"curies":[{"name":"wp","href":"https:\/\/api.w.org\/{rel}","templated":true}]}}