{"id":1957,"date":"2026-01-01T11:00:17","date_gmt":"2026-01-01T10:00:17","guid":{"rendered":"https:\/\/www.kipuka.fr\/site\/?post_type=product&#038;p=1957"},"modified":"2026-01-15T12:10:28","modified_gmt":"2026-01-15T11:10:28","slug":"pack-kipuka-2025-numerique","status":"publish","type":"product","link":"https:\/\/www.kipuka.fr\/site\/produit\/pack-kipuka-2025-numerique\/","title":{"rendered":"Pack k\u012bpuka 2025 (num\u00e9rique)"},"content":{"rendered":"<p>Ce pack comprend les quatre num\u00e9ros de <strong>k\u012bpuka<\/strong> parus en 2025, en version num\u00e9rique (fichiers pdf).<\/p>\n<p>Au sommaire de <a href=\"https:\/\/www.kipuka.fr\/site\/produit\/kipuka-9-numerique\/\">k\u012bpuka #9<\/a> :<br \/>\n\u2013 L&rsquo;actualit\u00e9 \u00e9ruptive et scientifique de l&rsquo;hiver<br \/>\n\u2013 <a href=\"https:\/\/www.kipuka.fr\/site\/la-naissance-du-fani-maore\/\">La naissance du Fani Maor\u00e9<\/a><br \/>\n\u2013 Dossier : Les grandes provinces magmatiques<br \/>\n\u2013 Un lac de lave au Piton de la Fournaise<br \/>\n\u2013 La volcanologie exp\u00e9rimentale<br \/>\n\u2013 La grenouille et le volcan<br \/>\n\u2013 Combien la France compte-t-elle de volcans actifs ?<\/p>\n<p>Au sommaire de <a href=\"https:\/\/www.kipuka.fr\/site\/produit\/kipuka-10-numerique\/\">k\u012bpuka #10<\/a> :<br \/>\n\u2013 L&rsquo;actualit\u00e9 \u00e9ruptive et scientifique du printemps<br \/>\n\u2013 L\u2019obsidienne, un verre volcanique polyvalent<br \/>\n\u2013 Dossier : La gestion d\u2019une crise volcanique<br \/>\n\u2013 D\u00e9couverte et premi\u00e8res explorations de l\u2019Erebus<br \/>\n\u2013 Les volcans mexicains de Johann Moritz Rugendas<br \/>\n\u2013 De curieux insectes sur les volcans hawa\u00efens<br \/>\n\u2013 Les volcanologues portent-ils vraiment une combinaison ?<\/p>\n<p>Au sommaire de <a href=\"https:\/\/www.kipuka.fr\/site\/produit\/kipuka-11-numerique\/\">k\u012bpuka #11<\/a> :<br \/>\n\u2013 L&rsquo;actualit\u00e9 \u00e9ruptive et scientifique de l&rsquo;\u00e9t\u00e9<br \/>\n\u2013 De l\u2019\u00e9chantillonnage au spectrom\u00e8tre, trajet d\u2019une analyse chimique<br \/>\n\u2013 Dossier : Les gaz volcaniques. Nature, al\u00e9as, r\u00f4le \u00e9ruptif et surveillance<br \/>\n\u2013 L\u2019Indon\u00e9sie, une grande mosa\u00efque volcanique<br \/>\n\u2013 Les \u00e9ruptions lunaires de William Herschel<br \/>\n\u2013 Faune des volcans sous-marins<br \/>\n\u2013 Un s\u00e9isme peut-il provoquer une \u00e9ruption ?<\/p>\n<p>Au sommaire de <a href=\"https:\/\/www.kipuka.fr\/site\/produit\/kipuka-12-numerique\/\">k\u012bpuka #12<\/a> :<br \/>\n\u2013 L&rsquo;actualit\u00e9 \u00e9ruptive et scientifique de l&rsquo;automne<br \/>\n\u2013 Un funiculaire \u00e0 l\u2019assaut du V\u00e9suve<br \/>\n\u2013 Dossier : Ils ont habit\u00e9 le tuf<br \/>\n\u2013 Maurice Busset, le graveur des volcans d\u2019Auvergne<br \/>\n\u2013 La starique cristatelle, pionni\u00e8re des coul\u00e9es de lave<br \/>\n\u2013 Le Cantal est-il vraiment le plus grand volcan d\u2019Europe ?<\/p>\n","protected":false},"excerpt":{"rendered":"<p>Pack comprenant les num\u00e9ros 9 \u00e0 12 de <strong>k\u012bpuka<\/strong>, parus en 2025, en version num\u00e9rique (4 fichiers pdf).<\/p>\n","protected":false},"featured_media":1963,"template":"","meta":[],"product_brand":[],"product_cat":[38,21],"product_tag":[],"class_list":{"0":"post-1957","1":"product","2":"type-product","3":"status-publish","4":"has-post-thumbnail","6":"product_cat-numerique","7":"product_cat-revues","8":"product_shipping_class-abonnement","10":"first","11":"instock","12":"sale","13":"downloadable","14":"virtual","15":"purchasable","16":"product-type-simple"},"_links":{"self":[{"href":"https:\/\/www.kipuka.fr\/site\/wp-json\/wp\/v2\/product\/1957","targetHints":{"allow":["GET"]}}],"collection":[{"href":"https:\/\/www.kipuka.fr\/site\/wp-json\/wp\/v2\/product"}],"about":[{"href":"https:\/\/www.kipuka.fr\/site\/wp-json\/wp\/v2\/types\/product"}],"wp:featuredmedia":[{"embeddable":true,"href":"https:\/\/www.kipuka.fr\/site\/wp-json\/wp\/v2\/media\/1963"}],"wp:attachment":[{"href":"https:\/\/www.kipuka.fr\/site\/wp-json\/wp\/v2\/media?parent=1957"}],"wp:term":[{"taxonomy":"product_brand","embeddable":true,"href":"https:\/\/www.kipuka.fr\/site\/wp-json\/wp\/v2\/product_brand?post=1957"},{"taxonomy":"product_cat","embeddable":true,"href":"https:\/\/www.kipuka.fr\/site\/wp-json\/wp\/v2\/product_cat?post=1957"},{"taxonomy":"product_tag","embeddable":true,"href":"https:\/\/www.kipuka.fr\/site\/wp-json\/wp\/v2\/product_tag?post=1957"}],"curies":[{"name":"wp","href":"https:\/\/api.w.org\/{rel}","templated":true}]}}