{"id":1942,"date":"2025-12-31T12:00:49","date_gmt":"2025-12-31T11:00:49","guid":{"rendered":"https:\/\/www.kipuka.fr\/site\/?post_type=product&#038;p=1942"},"modified":"2026-01-08T17:30:16","modified_gmt":"2026-01-08T16:30:16","slug":"kipuka-12","status":"publish","type":"product","link":"https:\/\/www.kipuka.fr\/site\/produit\/kipuka-12\/","title":{"rendered":"k\u012bpuka #12"},"content":{"rendered":"<p>Au sommaire du num\u00e9ro 12 de <strong>k\u012bpuka<\/strong>, paru le 31 d\u00e9cembre 2025 :<\/p>\n<p><strong>L\u2019actualit\u00e9 \u00e9ruptive du quatri\u00e8me trimestre 2025<\/strong><br \/>\nEn \u00c9thiopie, le volcan Hayli Gubbi a fait \u00e9ruption pour la premi\u00e8re fois depuis plusieurs milliers d&rsquo;ann\u00e9es, avec un curieux double panache. Nous vous proposons notre analyse de cet \u00e9pisode. Nous faisons aussi le point sur la situation des volcans dans les d\u00e9partement fran\u00e7ais d&rsquo;outre-mer.<\/p>\n<p><strong>L\u2019actualit\u00e9 scientifique du quatri\u00e8me trimestre 2025<\/strong><br \/>\nRevue des liens entre activit\u00e9 volcanique et perturbations climatiques \u00e0 travers trois nouvelles \u00e9tudes, dont une qui relie la peste noire \u00e0 une \u00e9ruption m\u00e9di\u00e9vale. Et aussi : la crise sismique de Santorin expliqu\u00e9e ; de grandes \u00e9ruptions explosives expliqueraient la pr\u00e9sence de glace dans la r\u00e9gion \u00e9quatoriale de Mars ; quand les cendres du pass\u00e9 se m\u00e9langent\u2026<\/p>\n<p><strong>Un funiculaire \u00e0 l&rsquo;assaut du V\u00e9suve<\/strong><br \/>\n\u00c0 partir du <span style=\"font-variant: small-caps;\">xviii<\/span><sup>e<\/sup> si\u00e8cle, le V\u00e9suve est devenu une attraction touristique. Des millions de voyageurs ont gravi ses pentes par les moyens les plus divers\u2026 Pendant quelques d\u00e9cennies, c\u2019est un funiculaire qui transporta les visiteurs au sommet du volcan napolitain. La ligne eut toutefois une histoire mouvement\u00e9e en raison de l\u2019activit\u00e9 \u00e9ruptive\u2026<\/p>\n<p><strong>Dossier : Ils ont habit\u00e9 le tuf<\/strong><br \/>\nLe tuf est une roche volcanique \u00e0 la fois r\u00e9sistante et facile \u00e0 travailler. Dans les r\u00e9gions o\u00f9 il abonde, cela a donn\u00e9 des id\u00e9es \u00e0 plusieurs civilisations, qui y ont excav\u00e9 des maisons, constituant parfois de v\u00e9ritables villes souterraines. Dans ce dossier illustr\u00e9, nous vous pr\u00e9sentons quelques-uns de ces habitats volcaniques insolites.<\/p>\n<p><strong>Maurice Busset, le graveur des volcans d\u2019Auvergne<\/strong><br \/>\nAu d\u00e9but du <span style=\"font-variant: small-caps;\">xx<\/span><sup>e<\/sup> si\u00e8cle, la gravure sur bois est depuis longtemps pass\u00e9e de mode. Mais Maurice Busset, un peintre clermontois, s\u2019empare de cet art d\u00e9suet pour en tirer de magnifiques estampes. Parmi ses sujets de pr\u00e9dilection : les volcans d\u2019Auvergne, auxquels il consacra une bonne partie de son \u0153uvre.<\/p>\n<p><strong>La starique cristatelle, pionni\u00e8re des coul\u00e9es de lave<\/strong><br \/>\nL\u2019\u00e9ruption d\u2019un volcan n\u2019a rien de b\u00e9n\u00e9fique pour la faune qui y vit\u2026 Les cendres et les laves d\u00e9truisent la v\u00e9g\u00e9tation, impactant tout l\u2019\u00e9cosyst\u00e8me qui en d\u00e9pend. Certaines esp\u00e8ces opportunistes parviennent cependant \u00e0 tirer parti des perturbations de leur environnement, voire en ont besoin pour prosp\u00e9rer. C\u2019est le cas de la starique cristatelle, un petit oiseau marin pour qui \u00e9ruption rime avec nidification !<\/p>\n<p><strong>Le Cantal est-il vraiment le plus grand volcan d\u2019Europe ?<\/strong><br \/>\nTapez \u00ab plus grand volcan d\u2019Europe \u00bb dans votre moteur de recherche pr\u00e9f\u00e9r\u00e9, il y a de fortes chances pour que la r\u00e9ponse soit : le Cantal. Le stratovolcan auvergnat est souvent pr\u00e9sent\u00e9 comme un g\u00e9ant continental, devan\u00e7ant m\u00eame l\u2019Etna, rel\u00e9gu\u00e9 \u00e0 la position de plus grand volcan <em>actif<\/em> du territoire. Mais la r\u00e9alit\u00e9 n\u2019est pas aussi simple ! Voyons quels chiffres se cachent derri\u00e8re ce match au sommet\u2026<\/p>\n","protected":false},"excerpt":{"rendered":"<p>Num\u00e9ro 12 de <strong>k\u012bpuka<\/strong> (version papier). 52 pages au format 20 \u00d7 27 cm.<\/p>\n","protected":false},"featured_media":1946,"template":"","meta":[],"product_brand":[],"product_cat":[21],"product_tag":[],"class_list":{"0":"post-1942","1":"product","2":"type-product","3":"status-publish","4":"has-post-thumbnail","6":"product_cat-revues","7":"product_shipping_class-revue","9":"first","10":"instock","11":"shipping-taxable","12":"purchasable","13":"product-type-simple"},"_links":{"self":[{"href":"https:\/\/www.kipuka.fr\/site\/wp-json\/wp\/v2\/product\/1942","targetHints":{"allow":["GET"]}}],"collection":[{"href":"https:\/\/www.kipuka.fr\/site\/wp-json\/wp\/v2\/product"}],"about":[{"href":"https:\/\/www.kipuka.fr\/site\/wp-json\/wp\/v2\/types\/product"}],"wp:featuredmedia":[{"embeddable":true,"href":"https:\/\/www.kipuka.fr\/site\/wp-json\/wp\/v2\/media\/1946"}],"wp:attachment":[{"href":"https:\/\/www.kipuka.fr\/site\/wp-json\/wp\/v2\/media?parent=1942"}],"wp:term":[{"taxonomy":"product_brand","embeddable":true,"href":"https:\/\/www.kipuka.fr\/site\/wp-json\/wp\/v2\/product_brand?post=1942"},{"taxonomy":"product_cat","embeddable":true,"href":"https:\/\/www.kipuka.fr\/site\/wp-json\/wp\/v2\/product_cat?post=1942"},{"taxonomy":"product_tag","embeddable":true,"href":"https:\/\/www.kipuka.fr\/site\/wp-json\/wp\/v2\/product_tag?post=1942"}],"curies":[{"name":"wp","href":"https:\/\/api.w.org\/{rel}","templated":true}]}}