{"id":1885,"date":"2025-09-30T12:00:57","date_gmt":"2025-09-30T10:00:57","guid":{"rendered":"https:\/\/www.kipuka.fr\/site\/?post_type=product&#038;p=1885"},"modified":"2025-10-21T18:12:29","modified_gmt":"2025-10-21T16:12:29","slug":"kipuka-11","status":"publish","type":"product","link":"https:\/\/www.kipuka.fr\/site\/produit\/kipuka-11\/","title":{"rendered":"k\u012bpuka #11"},"content":{"rendered":"<p>Au sommaire du num\u00e9ro 11 de <strong>k\u012bpuka<\/strong>, paru le 30 septembre 2025 :<\/p>\n<p><strong>L\u2019actualit\u00e9 \u00e9ruptive du troisi\u00e8me trimestre 2025<\/strong><br \/>\nAu Japon, l\u2019\u00eele de Ioto \u00e9rupte \u00e0 nouveau et inqui\u00e8te ; en \u00c9thiopie, la r\u00e9gion de l\u2019Afar conna\u00eet une intense activit\u00e9 magmatique, avec une grande intrusion de magma sous les volcans Erta Ale et Hayli Gubbi ; au Kamtchatka, le volcan Kracheninnikov fait \u00e9ruption pour la premi\u00e8re fois depuis plusieurs si\u00e8cles, peut-\u00eatre en lien avec un puissant s\u00e9isme\u2026<\/p>\n<p><strong>L\u2019actualit\u00e9 scientifique du troisi\u00e8me trimestre 2025<\/strong><br \/>\nSous l\u2019Auvergne, des s\u00e9ismes et peut-\u00eatre du magma ; les \u00e9ruptions plurielles de Toba ; une coul\u00e9e de lave explosive au Piton de la Fournaise\u2026 Mais aussi deux \u00e9tudes \u00e0 caract\u00e8re g\u00e9ographique : quelles sont les villes les plus menac\u00e9es par les volcans, et les volcanologues sont-ils loin de leurs objets d\u2019\u00e9tude ?<\/p>\n<p><strong>De l\u2019\u00e9chantillonnage au spectrom\u00e8tre, trajet d&rsquo;une analyse chimique<\/strong><br \/>\nBasalte, and\u00e9site, dacite, rhyolite\u2026 Les roches volcaniques portent des noms qui d\u00e9pendent en premier lieu de leur composition chimique. Au-del\u00e0 de la seule classification, cet important param\u00e8tre permet de conna\u00eetre l\u2019histoire magmatique et \u00e9ruptive d\u2019un volcan. Voici comment le d\u00e9terminer.<\/p>\n<p><strong>Dossier : Les gaz volcaniques. Nature, al\u00e9as, r\u00f4le \u00e9ruptif et surveillance<\/strong><br \/>\nEntre deux \u00e9ruptions, les volcans actifs fument. Des gaz s\u2019exhalent de leur crat\u00e8re, de fumerolles, de sources chaudes\u2026 Si leur caract\u00e8re toxique constitue un risque pour le vivant, ces gaz sont aussi porteurs de pr\u00e9cieuses donn\u00e9es sur les processus magmatiques.<\/p>\n<p><strong>L\u2019Indon\u00e9sie, une grande mosa\u00efque volcanique<\/strong><br \/>\nAvec 56 volcans ayant fait \u00e9ruption depuis 1960, l\u2019Indon\u00e9sie est de loin le pays le plus actif du monde. Mais avec plus de 13 000 \u00eeles, l\u2019archipel a aussi de quoi d\u00e9concerter le voyageur en qu\u00eate d\u2019une destination\u2026 Sans pr\u00e9tendre remplacer un v\u00e9ritable guide touristique, nous vous pr\u00e9sentons quelques volcans phares du pays.<\/p>\n<p><strong>Les \u00e9ruptions lunaires de William Herschel<\/strong><br \/>\n\u00c0 la fin du <span style=\"font-variant: small-caps;\">xviii<\/span><sup>e<\/sup> si\u00e8cle, l\u2019astronome germano-britannique William Herschel pointe son t\u00e9lescope vers la Lune lorsqu\u2019il voit un ph\u00e9nom\u00e8ne lumineux qu\u2019il attribue \u00e0 l\u2019\u00e9ruption d\u2019un volcan. S\u2019il para\u00eet aujourd\u2019hui improbable, voire impossible, que le scientifique ait vraiment \u00e9t\u00e9 t\u00e9moin d\u2019une activit\u00e9 volcanique sur notre satellite, la nature r\u00e9elle de son observation reste aujourd\u2019hui encore discut\u00e9e\u2026<\/p>\n<p><strong>Faune des volcans sous-marins<\/strong><br \/>\nChaque trimestre, notre rubrique consacr\u00e9e au vivant constate que des organismes parviennent \u00e0 survivre, voire \u00e0 prosp\u00e9rer, dans des environnements volcaniques hostiles. En voici une nouvelle d\u00e9monstration en deux \u00e9tapes, alternant eaux chaudes du Pacifique et eaux glac\u00e9es de l\u2019Arctique : les requins du Kavachi et la faune du Bor\u00e9alis.<\/p>\n<p><strong>Un s\u00e9isme peut-il provoquer une \u00e9ruption ?<\/strong><br \/>\nPlusieurs m\u00e9dias ont associ\u00e9 des \u00e9ruptions des volcans Klioutchevsko\u00ef et Kracheninnikov, au Kamtchatka, au puissant s\u00e9isme qui venait d\u2019avoir lieu au large de la p\u00e9ninsule russe. Un tel lien de cause \u00e0 effet est-il vraiment d\u00e9montr\u00e9 ? C\u2019est un probl\u00e8me sur lequel sismologues et volcanologues planchent depuis plus de 20 ans, avec un d\u00e9but de r\u00e9ponse qui semble se dessiner\u2026<\/p>\n","protected":false},"excerpt":{"rendered":"<p>Num\u00e9ro 11 de <strong>k\u012bpuka<\/strong> (version papier). 52 pages au format 20 \u00d7 27 cm.<\/p>\n","protected":false},"featured_media":1873,"template":"","meta":[],"product_brand":[],"product_cat":[21],"product_tag":[],"class_list":{"0":"post-1885","1":"product","2":"type-product","3":"status-publish","4":"has-post-thumbnail","6":"product_cat-revues","7":"product_shipping_class-revue","9":"first","10":"instock","11":"shipping-taxable","12":"purchasable","13":"product-type-simple"},"_links":{"self":[{"href":"https:\/\/www.kipuka.fr\/site\/wp-json\/wp\/v2\/product\/1885","targetHints":{"allow":["GET"]}}],"collection":[{"href":"https:\/\/www.kipuka.fr\/site\/wp-json\/wp\/v2\/product"}],"about":[{"href":"https:\/\/www.kipuka.fr\/site\/wp-json\/wp\/v2\/types\/product"}],"wp:featuredmedia":[{"embeddable":true,"href":"https:\/\/www.kipuka.fr\/site\/wp-json\/wp\/v2\/media\/1873"}],"wp:attachment":[{"href":"https:\/\/www.kipuka.fr\/site\/wp-json\/wp\/v2\/media?parent=1885"}],"wp:term":[{"taxonomy":"product_brand","embeddable":true,"href":"https:\/\/www.kipuka.fr\/site\/wp-json\/wp\/v2\/product_brand?post=1885"},{"taxonomy":"product_cat","embeddable":true,"href":"https:\/\/www.kipuka.fr\/site\/wp-json\/wp\/v2\/product_cat?post=1885"},{"taxonomy":"product_tag","embeddable":true,"href":"https:\/\/www.kipuka.fr\/site\/wp-json\/wp\/v2\/product_tag?post=1885"}],"curies":[{"name":"wp","href":"https:\/\/api.w.org\/{rel}","templated":true}]}}