{"id":1749,"date":"2025-06-30T11:00:51","date_gmt":"2025-06-30T09:00:51","guid":{"rendered":"https:\/\/www.kipuka.fr\/site\/?post_type=product&#038;p=1749"},"modified":"2026-02-06T15:02:52","modified_gmt":"2026-02-06T14:02:52","slug":"kipuka-10-numerique","status":"publish","type":"product","link":"https:\/\/www.kipuka.fr\/site\/produit\/kipuka-10-numerique\/","title":{"rendered":"k\u012bpuka #10 (num\u00e9rique)"},"content":{"rendered":"<p>Au sommaire du num\u00e9ro 10 de <strong>k\u012bpuka<\/strong>, paru le 30 juin 2025 :<\/p>\n<p><strong>L\u2019actualit\u00e9 \u00e9ruptive du deuxi\u00e8me trimestre 2025<\/strong><br \/>\nDes \u00e9ruptions explosives en Am\u00e9rique centrale (Fuego, Po\u00e1s) et en Indon\u00e9sie (Lewotobi Laki-Lali). Nous revenons \u00e9galement sur la pol\u00e9mique qui a suivi l\u2019\u00e9ruption du 2 juin \u00e0 l&rsquo;Etna, et nous faisons le point sur l\u2019\u00e9volution de plusieurs situations potentiellement \u00e9ruptives, au mont Spurr (Alaska), sur l\u2019\u00eele de Santorin (Gr\u00e8ce) et au volcan sous-marin Axial.<\/p>\n<p><strong>L\u2019actualit\u00e9 scientifique du deuxi\u00e8me trimestre 2025<\/strong><br \/>\nFocus sur la surveillance des volcans par satellite ; le r\u00f4le des sols volcaniques dans le stockage du carbone ; les fluctuations du lac de lave du K\u012blauea mesur\u00e9es par t\u00e9l\u00e9m\u00e9trie laser ; un m\u00e9ga-tsunami volcanique dans les \u00eeles Tonga ; un volcan martien explosif pr\u00e8s du crat\u00e8re Jezero\u2026<\/p>\n<p><strong>L\u2019obsidienne, un verre volcanique polyvalent<\/strong><br \/>\nD\u00e8s qu\u2019ils eurent les mains libres, les humains commenc\u00e8rent \u00e0 travailler la pierre. Parmi les diff\u00e9rents types de roches \u00e0 leur disposition, l\u2019obsidienne a occup\u00e9 une place de choix. Ce verre volcanique poss\u00e8de un tranchant id\u00e9al pour fa\u00e7onner des outils et des armes, tandis que son aspect noir lustr\u00e9 lui donne un r\u00f4le dans la confection de bijoux.<\/p>\n<p><strong>Dossier : La gestion d\u2019une crise volcanique<\/strong><br \/>\nSi les volcanologues disposent d\u2019une large palette d\u2019outils permettant d\u2019anticiper l\u2019activit\u00e9 d\u2019un volcan, la gestion d\u2019une \u00e9ruption d\u00e9pend d\u2019autres facteurs largement ext\u00e9rieurs \u00e0 leur science. Des enjeux sociaux, politiques, \u00e9conomiques\u2026 doivent \u00eatre pris en compte par les autorit\u00e9s dans ce qui constitue parfois un v\u00e9ritable casse-t\u00eate.<\/p>\n<p><strong>D\u00e9couverte et premi\u00e8res exploration de l\u2019Erebus<\/strong><br \/>\nErebus. Un nom \u00e0 consonance mythique dans le petit milieu des volcanophiles. Car cette montagne cumule les faits remarquables : volcan actif le plus au sud du globe, en Antarctique ; un des rares \u00e0 poss\u00e9der un lac de lave semi-permanent dans son crat\u00e8re ; sans oublier les \u00e9tonnantes tours de glace d\u2019o\u00f9 s\u2019\u00e9chappent les gaz\u2026 Focus sur les quelques pionniers qui en ont perc\u00e9 les myst\u00e8res.<\/p>\n<p><a href=\"https:\/\/www.kipuka.fr\/site\/les-volcans-mexicains-de-johann-moritz-rugendas\/\"><strong>Les volcans mexicains de Johann Moritz Rugendas<\/strong><\/a><br \/>\nAvant d\u2019\u00eatre peints par l\u2019artiste national Jos\u00e9 Maria Velasco, les volcans mexicains ont \u00e9t\u00e9 peints\u2026 par un artiste allemand ! Dans les pas de son mentor Alexander von Humboldt, Johann Moritz Rugendas fait partie de la premi\u00e8re g\u00e9n\u00e9ration de peintres voyageurs ayant arpent\u00e9 l\u2019Am\u00e9rique latine.<\/p>\n<p><strong>De curieux insectes sur les volcans hawa\u00efens<\/strong><br \/>\nLes archipels d\u2019origine volcanique sont propices \u00e0 l\u2019\u00e9volution des esp\u00e8ces. Ces \u00eeles sont caract\u00e9ris\u00e9es par de forts taux d\u2019end\u00e9misme et par la gen\u00e8se rapide d\u2019esp\u00e8ces adapt\u00e9es aux conditions particuli\u00e8res qui y r\u00e8gnent. Hawa\u00ef ne fait pas exception \u00e0 cette r\u00e8gle, avec de curieux insectes vivant au sommet du Mauna Kea ou sur les laves vierges du K\u012blauea\u2026<\/p>\n<p><strong>Les volcanologues portent-ils vraiment une combinaison ?<\/strong><br \/>\nC\u2019est sans doute le principal clich\u00e9 attach\u00e9 \u00e0 la profession. Demandez \u00e0 quelqu\u2019un de vous dessiner un volcanologue, vous obtiendrez certainement l\u2019image d\u2019un personnage affubl\u00e9 d\u2019une combinaison argent\u00e9e et coiff\u00e9 d\u2019un heaume. Une tenue suppos\u00e9e prot\u00e9ger le scientifique lorsqu\u2019il s\u2019approche d\u2019un volcan actif\u2026 Mais lui sert-elle vraiment ?<\/p>\n","protected":false},"excerpt":{"rendered":"<p>Num\u00e9ro 10 de <strong>k\u012bpuka<\/strong> (version num\u00e9rique). Fichier pdf de 52 pages.<\/p>\n","protected":false},"featured_media":1743,"template":"","meta":[],"product_brand":[],"product_cat":[38,21],"product_tag":[],"class_list":{"0":"post-1749","1":"product","2":"type-product","3":"status-publish","4":"has-post-thumbnail","6":"product_cat-numerique","7":"product_cat-revues","8":"product_shipping_class-revue","10":"first","11":"instock","12":"downloadable","13":"virtual","14":"purchasable","15":"product-type-simple"},"_links":{"self":[{"href":"https:\/\/www.kipuka.fr\/site\/wp-json\/wp\/v2\/product\/1749","targetHints":{"allow":["GET"]}}],"collection":[{"href":"https:\/\/www.kipuka.fr\/site\/wp-json\/wp\/v2\/product"}],"about":[{"href":"https:\/\/www.kipuka.fr\/site\/wp-json\/wp\/v2\/types\/product"}],"wp:featuredmedia":[{"embeddable":true,"href":"https:\/\/www.kipuka.fr\/site\/wp-json\/wp\/v2\/media\/1743"}],"wp:attachment":[{"href":"https:\/\/www.kipuka.fr\/site\/wp-json\/wp\/v2\/media?parent=1749"}],"wp:term":[{"taxonomy":"product_brand","embeddable":true,"href":"https:\/\/www.kipuka.fr\/site\/wp-json\/wp\/v2\/product_brand?post=1749"},{"taxonomy":"product_cat","embeddable":true,"href":"https:\/\/www.kipuka.fr\/site\/wp-json\/wp\/v2\/product_cat?post=1749"},{"taxonomy":"product_tag","embeddable":true,"href":"https:\/\/www.kipuka.fr\/site\/wp-json\/wp\/v2\/product_tag?post=1749"}],"curies":[{"name":"wp","href":"https:\/\/api.w.org\/{rel}","templated":true}]}}