{"id":1560,"date":"2025-01-01T12:00:48","date_gmt":"2025-01-01T11:00:48","guid":{"rendered":"https:\/\/www.kipuka.fr\/site\/?post_type=product&#038;p=1560"},"modified":"2026-01-12T16:59:05","modified_gmt":"2026-01-12T15:59:05","slug":"pack-kipuka-2024","status":"publish","type":"product","link":"https:\/\/www.kipuka.fr\/site\/produit\/pack-kipuka-2024\/","title":{"rendered":"Pack k\u012bpuka 2024"},"content":{"rendered":"<p>Ce pack comprend les quatre num\u00e9ros de <strong>k\u012bpuka<\/strong> parus en 2024.<\/p>\n<p>Au sommaire de <a href=\"https:\/\/www.kipuka.fr\/site\/produit\/kipuka-5\/\">k\u012bpuka #5<\/a> :<br \/>\n\u2013 L&rsquo;actualit\u00e9 \u00e9ruptive et scientifique de l&rsquo;hiver<br \/>\n\u2013 L\u2019\u00e9ruption : Tristan da Cunha, 1961<br \/>\n\u2013 Dossier : Paysages de lave et d\u2019eau<br \/>\n\u2013 La classification des laves<br \/>\n\u2013 Les monts Fuji de Tamako Kataoka<br \/>\n\u2013 <a href=\"https:\/\/www.kipuka.fr\/site\/le-pika-trouve-refuge-dans-les-coulees-de-lave-americaines\/\">Le pika trouve refuge dans les coul\u00e9es de lave am\u00e9ricaines<\/a><br \/>\n\u2013 Que faire des cendres volcaniques ?<\/p>\n<p>Au sommaire de <a href=\"https:\/\/www.kipuka.fr\/site\/produit\/kipuka-6\/\">k\u012bpuka #6<\/a> :<br \/>\n\u2013 L&rsquo;actualit\u00e9 \u00e9ruptive et scientifique du printemps<br \/>\n\u2013 La manne du sable volcanique<br \/>\n\u2013 Dossier : Vie et mort des \u00eeles volcaniques<br \/>\n\u2013 Des \u00e9ruptions et des hommes<br \/>\n\u2013 Dans les eaux foisonnantes du lac Natron<br \/>\n\u2013 Pourquoi l\u2019obsidienne est-elle noire ?<\/p>\n<p>Au sommaire de <a href=\"https:\/\/www.kipuka.fr\/site\/produit\/kipuka-7\/\">k\u012bpuka #7<\/a> :<br \/>\n\u2013 L&rsquo;actualit\u00e9 \u00e9ruptive et scientifique de l&rsquo;\u00e9t\u00e9<br \/>\n\u2013 Dans les archives de la Volcano House<br \/>\n\u2013 Dossier : Les for\u00eats p\u00e9trifi\u00e9es<br \/>\n\u2013 Roches volcaniques, support artistique<br \/>\n\u2013 D\u00e9terminer le volume des \u00e9ruptions pass\u00e9es<br \/>\n\u2013 La souris qui tr\u00f4ne au sommet des volcans andins<br \/>\n\u2013 Qu\u2019est-ce qu\u2019un volcan monog\u00e9nique ?<\/p>\n<p>Au sommaire de <a href=\"https:\/\/www.kipuka.fr\/site\/produit\/kipuka-8\/\">k\u012bpuka #8<\/a> :<br \/>\n\u2013 L&rsquo;actualit\u00e9 \u00e9ruptive et scientifique de l&rsquo;automne<br \/>\n\u2013 Tolbatchik, un volcan bouclier hawa\u00efen au Kamtchatka<br \/>\n\u2013 Dossier : Fabuleux orgues volcaniques<br \/>\n\u2013 La fresque de la procession nautique d\u2019Akrotiri<br \/>\n\u2013 Le roi Arthur et le mont Etna<br \/>\n\u2013 Fleurs des volcans<br \/>\n\u2013 Yellowstone est-il en retard ?<\/p>\n","protected":false},"excerpt":{"rendered":"<p>Pack comprenant les num\u00e9ros 5 \u00e0 8 de <strong>k\u012bpuka<\/strong>, parus en 2024.<\/p>\n","protected":false},"featured_media":1561,"template":"","meta":[],"product_brand":[],"product_cat":[21],"product_tag":[],"class_list":{"0":"post-1560","1":"product","2":"type-product","3":"status-publish","4":"has-post-thumbnail","6":"product_cat-revues","7":"product_shipping_class-abonnement","9":"first","10":"instock","11":"sale","12":"shipping-taxable","13":"purchasable","14":"product-type-simple"},"_links":{"self":[{"href":"https:\/\/www.kipuka.fr\/site\/wp-json\/wp\/v2\/product\/1560","targetHints":{"allow":["GET"]}}],"collection":[{"href":"https:\/\/www.kipuka.fr\/site\/wp-json\/wp\/v2\/product"}],"about":[{"href":"https:\/\/www.kipuka.fr\/site\/wp-json\/wp\/v2\/types\/product"}],"wp:featuredmedia":[{"embeddable":true,"href":"https:\/\/www.kipuka.fr\/site\/wp-json\/wp\/v2\/media\/1561"}],"wp:attachment":[{"href":"https:\/\/www.kipuka.fr\/site\/wp-json\/wp\/v2\/media?parent=1560"}],"wp:term":[{"taxonomy":"product_brand","embeddable":true,"href":"https:\/\/www.kipuka.fr\/site\/wp-json\/wp\/v2\/product_brand?post=1560"},{"taxonomy":"product_cat","embeddable":true,"href":"https:\/\/www.kipuka.fr\/site\/wp-json\/wp\/v2\/product_cat?post=1560"},{"taxonomy":"product_tag","embeddable":true,"href":"https:\/\/www.kipuka.fr\/site\/wp-json\/wp\/v2\/product_tag?post=1560"}],"curies":[{"name":"wp","href":"https:\/\/api.w.org\/{rel}","templated":true}]}}