{"id":1550,"date":"2025-03-31T12:00:49","date_gmt":"2025-03-31T10:00:49","guid":{"rendered":"https:\/\/www.kipuka.fr\/site\/?post_type=product&#038;p=1550"},"modified":"2025-06-25T16:48:03","modified_gmt":"2025-06-25T14:48:03","slug":"kipuka-9","status":"publish","type":"product","link":"https:\/\/www.kipuka.fr\/site\/produit\/kipuka-9\/","title":{"rendered":"k\u012bpuka #9"},"content":{"rendered":"<p>Au sommaire du num\u00e9ro 9 de <strong>k\u012bpuka<\/strong>, paru le 31 mars 2025 :<\/p>\n<p><strong>L\u2019actualit\u00e9 \u00e9ruptive du premier trimestre 2025<\/strong><br \/>\nLave et neige m\u00eal\u00e9es \u00e0 l\u2019Etna, le mont Spurr qui inqui\u00e8te l\u2019Alaska\u2026 Ce num\u00e9ro revient \u00e9galement sur deux crises sismiques qui, si elles n&rsquo;ont pas d\u00e9bouch\u00e9 sur des \u00e9ruptions, ont fait la une de l\u2019actualit\u00e9 cet hiver : celle qui a eu lieu au large de Santorin, et celle qui a secou\u00e9 l\u2019\u00c9thiopie.<\/p>\n<p><strong>L\u2019actualit\u00e9 scientifique du premier trimestre 2025<\/strong><br \/>\nUn point sur de r\u00e9centes \u00e9tudes du volcanisme sous-marin ; identification du coupable de l\u2019hiver volcanique 1831 ; les effets de la neige sur l\u2019activit\u00e9 \u00e9ruptive du mont Ruapehu (Nouvelle-Z\u00e9lande) ; des images du volcanisme de Mercure captur\u00e9es par la sonde <em>BepiColombo<\/em>\u2026<\/p>\n<p><a href=\"https:\/\/www.kipuka.fr\/site\/la-naissance-du-fani-maore\/\"><strong>La naissance du Fani Maor\u00e9<\/strong><\/a><br \/>\nDepuis 2018, la France compte un nouveau volcan ! Une naissance dans l\u2019oc\u00e9an Indien, par 3 500 m\u00e8tres de fond, qui serait peut-\u00eatre pass\u00e9e inaper\u00e7ue si elle ne s\u2019\u00e9tait pas manifest\u00e9e par de nombreuses secousses \u00e0 Mayotte. Il s\u2019agit pourtant d\u2019un beau b\u00e9b\u00e9 : avec 800 m\u00e8tres de haut et 5 kilom\u00e8tres cubes de lave, c\u2019est la plus grande \u00e9ruption effusive depuis 1783.<\/p>\n<p><strong>Dossier : Les grandes provinces magmatiques<\/strong><br \/>\nLes temps g\u00e9ologiques sont ponctu\u00e9s de grands \u00e9v\u00e9nements volcaniques lors desquels d\u2019\u00e9normes quantit\u00e9s de lave sont \u00e9mises en surface sur une p\u00e9riode relativement courte. Les coul\u00e9es s\u2019empilent les unes sur les autres, finissant par former de vastes plateaux encore bien visibles dans le paysage actuel. Ces grandes provinces magmatiques sont associ\u00e9es aux extinctions massives d\u2019esp\u00e8ces.<\/p>\n<p><strong>Un lac de lave au Piton de la Fournaise<\/strong><br \/>\nLes volcans changent fr\u00e9quemment de morphologie et le Piton de la Fournaise n\u2019\u00e9chappe pas \u00e0 la r\u00e8gle. On se souvient par exemple du spectaculaire effondrement du crat\u00e8re Dolomieu, en 2007, au cours duquel son plancher s\u2019est affaiss\u00e9 de 350 m\u00e8tres ! Mais si l\u2019on remonte un peu plus loin en arri\u00e8re, le Dolomieu offrait une vision encore plus fabuleuse : un lac de lave bouillonnait en son sein.<\/p>\n<p><strong>La volcanologie exp\u00e9rimentale<\/strong><br \/>\nBeaucoup de volcans sont peu accessibles. Des obstacles g\u00e9ographiques, voire g\u00e9opolitiques, emp\u00eachent parfois les volcanologues d\u2019y acc\u00e9der. Et quand les volcans entrent en activit\u00e9, la prudence impose de les observer de loin. Alors les scientifiques troquent parfois la tenue de terrain pour la blouse de laborantin\u2026<\/p>\n<p><strong>La grenouille et le volcan<\/strong><br \/>\nSous ce titre ne se cache pas une fable de La Fontaine in\u00e9dite mais une histoire vraie, celle d\u2019une toute petite grenouille qui vit au sommet du volcan martiniquais. Sa d\u00e9couverte a d\u2019abord pos\u00e9 une \u00e9nigme aux scientifiques. D\u00e9sormais c\u2019est la survie de l\u2019esp\u00e8ce qui est au c\u0153ur des pr\u00e9occupations des \u00e9cologues.<\/p>\n<p><strong>Combien la France compte-t-elle de volcans actifs ?<\/strong><br \/>\nSans doute plus que vous ne croyez ! Mais avant de faire l\u2019inventaire des volcans nationaux consid\u00e9r\u00e9s comme actifs, cet article est surtout l\u2019occasion de r\u00e9pondre \u00e0 une autre question fr\u00e9quemment pos\u00e9e : qu\u2019est-ce qu\u2019un volcan actif ?<\/p>\n","protected":false},"excerpt":{"rendered":"<p>Num\u00e9ro 9 de k\u012bpuka (version papier). 52 pages au format 20 \u00d7 27 cm.<\/p>\n","protected":false},"featured_media":1546,"template":"","meta":[],"product_brand":[],"product_cat":[21],"product_tag":[],"class_list":{"0":"post-1550","1":"product","2":"type-product","3":"status-publish","4":"has-post-thumbnail","6":"product_cat-revues","7":"product_shipping_class-revue","9":"first","10":"instock","11":"shipping-taxable","12":"purchasable","13":"product-type-simple"},"_links":{"self":[{"href":"https:\/\/www.kipuka.fr\/site\/wp-json\/wp\/v2\/product\/1550","targetHints":{"allow":["GET"]}}],"collection":[{"href":"https:\/\/www.kipuka.fr\/site\/wp-json\/wp\/v2\/product"}],"about":[{"href":"https:\/\/www.kipuka.fr\/site\/wp-json\/wp\/v2\/types\/product"}],"wp:featuredmedia":[{"embeddable":true,"href":"https:\/\/www.kipuka.fr\/site\/wp-json\/wp\/v2\/media\/1546"}],"wp:attachment":[{"href":"https:\/\/www.kipuka.fr\/site\/wp-json\/wp\/v2\/media?parent=1550"}],"wp:term":[{"taxonomy":"product_brand","embeddable":true,"href":"https:\/\/www.kipuka.fr\/site\/wp-json\/wp\/v2\/product_brand?post=1550"},{"taxonomy":"product_cat","embeddable":true,"href":"https:\/\/www.kipuka.fr\/site\/wp-json\/wp\/v2\/product_cat?post=1550"},{"taxonomy":"product_tag","embeddable":true,"href":"https:\/\/www.kipuka.fr\/site\/wp-json\/wp\/v2\/product_tag?post=1550"}],"curies":[{"name":"wp","href":"https:\/\/api.w.org\/{rel}","templated":true}]}}