{"id":1426,"date":"2024-12-31T11:00:54","date_gmt":"2024-12-31T10:00:54","guid":{"rendered":"https:\/\/www.kipuka.fr\/site\/?post_type=product&#038;p=1426"},"modified":"2025-01-07T16:35:50","modified_gmt":"2025-01-07T15:35:50","slug":"kipuka-8-numerique","status":"publish","type":"product","link":"https:\/\/www.kipuka.fr\/site\/produit\/kipuka-8-numerique\/","title":{"rendered":"k\u012bpuka #8 (num\u00e9rique)"},"content":{"rendered":"<p>Au sommaire du num\u00e9ro 8 de <strong>k\u012bpuka<\/strong>, paru le 31 d\u00e9cembre 2024 :<\/p>\n<p><strong>L\u2019actualit\u00e9 \u00e9ruptive du quatri\u00e8me trimestre 2024<\/strong><br \/>\nL&rsquo;automne 2024 a \u00e9t\u00e9 marqu\u00e9 par les \u00e9ruptions explosives de deux volcans asiatiques : le Lewotobi Laki-Laki (Indon\u00e9sie) et le Kanlaon (Philippines), qui ont toutes deux provoqu\u00e9 des \u00e9vacuations massives. C\u00f4t\u00e9 effusif, le K\u012blauea a propos\u00e9 un spectacle classique mais ind\u00e9modable : l&rsquo;apparition d&rsquo;un nouveau lac de lave dans la caldeira sommitale.<\/p>\n<p><strong>L\u2019actualit\u00e9 scientifique du quatri\u00e8me trimestre 2024<\/strong><br \/>\nDeux \u00e9tudes s&rsquo;int\u00e9ressent \u00e0 l&rsquo;effet des cendres volcaniques, l&rsquo;une sur les b\u00e2timents, l&rsquo;autre sur la v\u00e9g\u00e9tation ; un autre travail fait le lien entre activit\u00e9 volcanique et progression des glaciers ; un volcanologue nous fait un compte-rendu de sa mission de terrain \u00e0 Mayotte\u2026<\/p>\n<p><strong>Tolbatchik, un volcan bouclier hawa\u00efen au Kamtchatka<\/strong><br \/>\nAu c\u0153ur de la p\u00e9ninsule du Kamtchatka se dresse un volcan \u00e0 la silhouette inhabituelle. Non content d\u2019\u00e9rupter du basalte en contexte de subduction, ce \u00ab K\u012blauea russe \u00bb a \u00e9mis des produits un peu moins ordinaires que les sempiternels t\u00e9phras et laves lors de ses r\u00e9centes \u00e9ruptions\u2026<\/p>\n<p><strong>Dossier : Fabuleux orgues volcaniques<\/strong><br \/>\nLa nature offre le spectacle de formes g\u00e9om\u00e9triques \u00e9tonnamment id\u00e9ales. Flocons de neige, toiles d\u2019araign\u00e9e, yeux d\u2019insectes\u2026 Quant aux volcans, ils d\u00e9laissent parfois les formes coniques pour s\u2019adonner \u00e0 la cr\u00e9ation d\u2019hexagones de lave, dont nous vous d\u00e9voilons ici les secrets.<\/p>\n<p><strong>La fresque de la procession nautique d\u2019Akrotiri<\/strong><br \/>\nLes g\u00e9ologues re\u00e7oivent parfois une aide inattendue pour reconstituer un paysage pass\u00e9\u2026 Ainsi, la d\u00e9couverte d\u2019une fresque vieille de 3 600 ans donne une id\u00e9e de ce \u00e0 quoi ressemblait l\u2019\u00eele de Santorin avant l\u2019\u00e9ruption qui la d\u00e9truisit partiellement.<\/p>\n<p><strong>Le roi Arthur et le mont Etna<\/strong><br \/>\nParmi les volcans d\u2019Europe, l\u2019Etna est sans conteste celui auquel le plus de l\u00e9gendes sont associ\u00e9es. H\u00e9pha\u00efstos et les cyclopes, le monstrueux serpent Typhon et le g\u00e9ant Encelade\u2026 Et, plus curieusement, le roi Arthur en personne !<\/p>\n<p><strong>Fleurs des volcans<\/strong><br \/>\nSur les pentes des volcans, le noir et le rouge des laves et des scories laisse parfois place au vert de quelques plantes, voire \u00e0 des touches de jaune ou de rose lorsque ces derni\u00e8res fleurissent\u2026 S\u00e9lection de quelques esp\u00e8ces v\u00e9g\u00e9tales, embl\u00e9matiques ou moins connues, qui s\u2019\u00e9panouissent dans des atmosph\u00e8res min\u00e9rales.<\/p>\n<p><strong>Yellowstone est-il en retard ?<\/strong><br \/>\nLes m\u00e9dias avides de sensationnel publient r\u00e9guli\u00e8rement cette rengaine : la prochaine \u00e9ruption volcanique de Yellowstone serait \u00ab en retard \u00bb. D\u00e9cortiquons cette affirmation anxiog\u00e8ne, afin de montrer qu\u2019elle est d\u00e9nu\u00e9e de tout fondement.<\/p>\n","protected":false},"excerpt":{"rendered":"<p>Num\u00e9ro 8 de <strong>k\u012bpuka<\/strong> (version num\u00e9rique). Fichier pdf de 52 pages.<\/p>\n","protected":false},"featured_media":1416,"template":"","meta":[],"product_brand":[],"product_cat":[38,21],"product_tag":[],"class_list":{"0":"post-1426","1":"product","2":"type-product","3":"status-publish","4":"has-post-thumbnail","6":"product_cat-numerique","7":"product_cat-revues","8":"product_shipping_class-revue","10":"first","11":"instock","12":"downloadable","13":"virtual","14":"purchasable","15":"product-type-simple"},"_links":{"self":[{"href":"https:\/\/www.kipuka.fr\/site\/wp-json\/wp\/v2\/product\/1426","targetHints":{"allow":["GET"]}}],"collection":[{"href":"https:\/\/www.kipuka.fr\/site\/wp-json\/wp\/v2\/product"}],"about":[{"href":"https:\/\/www.kipuka.fr\/site\/wp-json\/wp\/v2\/types\/product"}],"wp:featuredmedia":[{"embeddable":true,"href":"https:\/\/www.kipuka.fr\/site\/wp-json\/wp\/v2\/media\/1416"}],"wp:attachment":[{"href":"https:\/\/www.kipuka.fr\/site\/wp-json\/wp\/v2\/media?parent=1426"}],"wp:term":[{"taxonomy":"product_brand","embeddable":true,"href":"https:\/\/www.kipuka.fr\/site\/wp-json\/wp\/v2\/product_brand?post=1426"},{"taxonomy":"product_cat","embeddable":true,"href":"https:\/\/www.kipuka.fr\/site\/wp-json\/wp\/v2\/product_cat?post=1426"},{"taxonomy":"product_tag","embeddable":true,"href":"https:\/\/www.kipuka.fr\/site\/wp-json\/wp\/v2\/product_tag?post=1426"}],"curies":[{"name":"wp","href":"https:\/\/api.w.org\/{rel}","templated":true}]}}