{"id":1233,"date":"2024-09-30T11:00:46","date_gmt":"2024-09-30T09:00:46","guid":{"rendered":"https:\/\/www.kipuka.fr\/site\/?post_type=product&#038;p=1233"},"modified":"2024-10-03T20:58:08","modified_gmt":"2024-10-03T18:58:08","slug":"kipuka-7-numerique","status":"publish","type":"product","link":"https:\/\/www.kipuka.fr\/site\/produit\/kipuka-7-numerique\/","title":{"rendered":"k\u012bpuka #7 (num\u00e9rique)"},"content":{"rendered":"<p>Au sommaire du num\u00e9ro 7 de <strong>k\u012bpuka<\/strong>, paru le 30 septembre 2024 :<\/p>\n<p><strong>L\u2019actualit\u00e9 \u00e9ruptive du troisi\u00e8me trimestre 2024<\/strong><br \/>\nCet \u00e9t\u00e9 2024 a vu une explosion hydrothermale \u00e0 Yellowstone, une bonne occasion de revenir sur la nature et la fr\u00e9quence de ce ph\u00e9nom\u00e8ne. On r\u00e9capitule \u00e9galement l\u2019activit\u00e9 estivale des volcans italiens (Stromboli, Etna), et on fait le point sur les derniers \u00e9v\u00e9nements en Islande.<\/p>\n<p><strong>L\u2019actualit\u00e9 scientifique du troisi\u00e8me trimestre 2024<\/strong><br \/>\nDes chercheurs scrutent la d\u00e9formation des mat\u00e9riaux volcaniques sous le puissant faisceau d&rsquo;un synchrotron ; deux \u00e9quipes \u00e9tudient l\u2019impact des cendres et des gaz volcaniques sur l\u2019aviation ; une \u00e9tude date le dernier volcanisme de l\u2019\u00eele Maurice, tandis qu\u2019une autre date des \u00e9chantillons volcaniques lunaires\u2026<\/p>\n<p><strong>Dans les archives de la Volcano House<\/strong><br \/>\nH\u00f4tel perch\u00e9 au sommet du K\u012blauea, la Volcano House h\u00e9berge les visiteurs du volcan hawa\u00efen depuis le milieu du XIXe si\u00e8cle. Dans ses registres, des voyageurs c\u00e9l\u00e8bres ou anonymes ont laiss\u00e9 des commentaires, des dessins&#8230; qui \u00e9clairent sur l\u2019activit\u00e9 \u00e9ruptive et les conditions de voyage de l\u2019\u00e9poque. Morceaux choisis.<\/p>\n<p><strong>Dossier : Les for\u00eats p\u00e9trifi\u00e9es<\/strong><br \/>\nLorsqu\u2019un \u00e9pais d\u00e9p\u00f4t de cendres volcaniques recouvre une for\u00eat, il arrive que la silice remplace peu \u00e0 peu les fibres du bois, p\u00e9trifiant les arbres. Des dizaines de millions d\u2019ann\u00e9es plus tard, les processus telluriques exhument ces Pomp\u00e9i forestiers, qui nous renseignent sur les climats pass\u00e9s.<\/p>\n<p><strong>Roches volcaniques, support artistique<\/strong><br \/>\nPour une fois, le volcan n\u2019est pas le sujet de la rubrique artistique, il en est le support ! \u00c0 la fois faciles \u00e0 travailler et r\u00e9sistantes, les roches volcaniques constituent un mat\u00e9riau de choix \u00e0 peindre, graver ou sculpter, ce qu\u2019ont fait plusieurs civilisations mill\u00e9naires.<\/p>\n<p><strong>D\u00e9terminer le volume des \u00e9ruptions pass\u00e9es<\/strong><br \/>\nLe volume de magma est un param\u00e8tre qui revient souvent, permettant de mieux conna\u00eetre l\u2019histoire \u00e9ruptive d&rsquo;un volcan et la menace qu\u2019il repr\u00e9sente. Mais comment ce chiffre est-il d\u00e9termin\u00e9, pour les d\u00e9p\u00f4ts de cendres comme pour les coul\u00e9es de lave ? On vous explique tout des m\u00e9thodes utilis\u00e9es par les volcanologues.<\/p>\n<p><strong>La souris qui tr\u00f4ne au sommet des volcans andins<\/strong><br \/>\nUn mammif\u00e8re peut-il vivre \u00e0 6 739 m\u00e8tres d&rsquo;altitude ? Oui, r\u00e9pond <em>Phyllotis vaccarum<\/em>, une petite souris qui semble capable de prosp\u00e9rer au sommet des volcans andins. Cette r\u00e9cente d\u00e9couverte repousse les limites d\u2019altitude auxquelles la vie animale est possible.<\/p>\n<p><strong>Qu\u2019est-ce qu\u2019un volcan monog\u00e9nique ?<\/strong><br \/>\nUn volcan dit monog\u00e9nique est un \u00e9difice simple, a priori construit lors d&rsquo;une unique \u00e9ruption. Pourtant, cette apparente simplicit\u00e9 cache parfois une histoire \u00e9ruptive un peu plus compliqu\u00e9e, comme nous le montrons avec trois exemples de la cha\u00eene des Puys : le puy de C\u00f4me, le puy de Pariou et le puy de D\u00f4me.<\/p>\n","protected":false},"excerpt":{"rendered":"<p>Num\u00e9ro 7 de <strong>k\u012bpuka<\/strong> (version num\u00e9rique). Fichier pdf de 52 pages.<\/p>\n","protected":false},"featured_media":1235,"template":"","meta":[],"product_brand":[],"product_cat":[38,21],"product_tag":[],"class_list":{"0":"post-1233","1":"product","2":"type-product","3":"status-publish","4":"has-post-thumbnail","6":"product_cat-numerique","7":"product_cat-revues","8":"product_shipping_class-revue","10":"first","11":"instock","12":"downloadable","13":"virtual","14":"purchasable","15":"product-type-simple"},"_links":{"self":[{"href":"https:\/\/www.kipuka.fr\/site\/wp-json\/wp\/v2\/product\/1233","targetHints":{"allow":["GET"]}}],"collection":[{"href":"https:\/\/www.kipuka.fr\/site\/wp-json\/wp\/v2\/product"}],"about":[{"href":"https:\/\/www.kipuka.fr\/site\/wp-json\/wp\/v2\/types\/product"}],"wp:featuredmedia":[{"embeddable":true,"href":"https:\/\/www.kipuka.fr\/site\/wp-json\/wp\/v2\/media\/1235"}],"wp:attachment":[{"href":"https:\/\/www.kipuka.fr\/site\/wp-json\/wp\/v2\/media?parent=1233"}],"wp:term":[{"taxonomy":"product_brand","embeddable":true,"href":"https:\/\/www.kipuka.fr\/site\/wp-json\/wp\/v2\/product_brand?post=1233"},{"taxonomy":"product_cat","embeddable":true,"href":"https:\/\/www.kipuka.fr\/site\/wp-json\/wp\/v2\/product_cat?post=1233"},{"taxonomy":"product_tag","embeddable":true,"href":"https:\/\/www.kipuka.fr\/site\/wp-json\/wp\/v2\/product_tag?post=1233"}],"curies":[{"name":"wp","href":"https:\/\/api.w.org\/{rel}","templated":true}]}}