{"id":1104,"date":"2024-06-30T11:00:41","date_gmt":"2024-06-30T09:00:41","guid":{"rendered":"https:\/\/www.kipuka.fr\/site\/?post_type=product&#038;p=1104"},"modified":"2024-10-10T21:05:16","modified_gmt":"2024-10-10T19:05:16","slug":"kipuka-6-numerique","status":"publish","type":"product","link":"https:\/\/www.kipuka.fr\/site\/produit\/kipuka-6-numerique\/","title":{"rendered":"k\u012bpuka #6 (num\u00e9rique)"},"content":{"rendered":"<p>Au sommaire du num\u00e9ro 6 de <strong>k\u012bpuka<\/strong>, paru le 30 juin 2024 :<\/p>\n<p><strong>L\u2019actualit\u00e9 \u00e9ruptive du deuxi\u00e8me trimestre 2024<\/strong><br \/>\nL\u2019actualit\u00e9 du trimestre a \u00e9t\u00e9 marqu\u00e9e par les col\u00e8res de plusieurs volcans indon\u00e9siens : l\u2019explosion du Ruang, au nord de Sulawesi ; les <em>lahars<\/em> mortels du Marapi \u00e0 Sumatra\u2026 Cette trag\u00e9die est l\u2019occasion de revenir sur la confusion qui a entour\u00e9 la relation de cet \u00e9v\u00e9nement par les m\u00e9dias g\u00e9n\u00e9ralistes.<\/p>\n<p><strong>L\u2019actualit\u00e9 scientifique du deuxi\u00e8me trimestre 2024<\/strong><br \/>\nTrois \u00e9tudes viennent compl\u00e9ter nos connaissances des Champs Phl\u00e9gr\u00e9ens, ce vaste syst\u00e8me volcanique proche de Naples. C\u00f4t\u00e9 volcanisme extraterrestre : sur V\u00e9nus, d\u00e9tection de coul\u00e9es de lave mises en place pendant le survol de la plan\u00e8te par Magellan entre 1990 et 1992 ; sur Mars, identification de milliers de petits c\u00f4nes comme des volcans\u2026 de boue !<\/p>\n<p><strong>La manne du sable volcanique<\/strong><br \/>\nLes d\u00e9p\u00f4ts de <em>lahars<\/em>, ces coul\u00e9es de boue qui se forment lorsque de fortes pluies mobilisent les cendres volcaniques, constituent une pr\u00e9cieuse ressource naturelle. En Indon\u00e9sie, aux Philippines ou aux Comores, des populations vivent de l\u2019extraction de ce sable volcanique.<\/p>\n<p><strong>Dossier : Vie et mort des \u00eeles volcaniques<\/strong><br \/>\nLe dossier du trimestre est consacr\u00e9 \u00e0 la naissance \u2013 et \u00e0 la mort \u2013 des \u00eeles volcaniques parfois cr\u00e9\u00e9es par les \u00e9ruptions de volcans sous-marins. Apr\u00e8s une petite revue du ph\u00e9nom\u00e8ne et de sa fr\u00e9quence, nous pr\u00e9sentons une s\u00e9lection des plus int\u00e9ressantes \u00e9ruptions ayant donn\u00e9 naissance \u00e0 des \u00eeles.<\/p>\n<p><strong>Des \u00e9ruptions et des hommes<br \/>\n<\/strong>Voici un voyage artistique \u00e0 travers le temps et l\u2019espace. De l\u2019Asie \u00e0 l\u2019Europe et \u00e0 l\u2019Am\u00e9rique, du XVIIIe au XXe si\u00e8cle\u2026 Avec pour fil rouge des \u0153uvres repr\u00e9sentant des humains aux c\u00f4t\u00e9s des volcans, pour le meilleur et surtout pour le pire.<\/p>\n<p><strong>Dans les eaux foisonnantes du Lac Natron<\/strong><br \/>\nLe lac Natron, en Tanzanie, est un lac hyper salin et alcalin qui doit la chimie particuli\u00e8re de ses eaux \u00e0 l&rsquo;Ol Doinyo Lengai, le volcan sacr\u00e9 des Maasa\u00ef. Malgr\u00e9 une temp\u00e9rature et un pH \u00e9lev\u00e9s, les eaux du lac regorgent de vie : micro-organismes, mais aussi poissons, flamants\u2026 Un riche \u00e9cosyst\u00e8me aujourd\u2019hui menac\u00e9.<\/p>\n<p><strong>Pourquoi l\u2019obsidienne est-elle noire\u00a0?<\/strong><br \/>\nDu fait de sa composition chimique, l\u2019obsidienne devrait \u00eatre une roche de couleur claire. Pourtant, elle arbore g\u00e9n\u00e9ralement un beau noir lustr\u00e9. Il faut troquer la chimie pour la physique pour comprendre cette anomalie. Cette interrogation sert aussi de pr\u00e9texte pour discuter plus largement de la couleur des roches volcaniques.<\/p>\n","protected":false},"excerpt":{"rendered":"<p>Num\u00e9ro 6 de <strong>k\u012bpuka<\/strong> (version num\u00e9rique). Fichier pdf de 52 pages.<\/p>\n","protected":false},"featured_media":1100,"template":"","meta":[],"product_brand":[],"product_cat":[38,21],"product_tag":[],"class_list":{"0":"post-1104","1":"product","2":"type-product","3":"status-publish","4":"has-post-thumbnail","6":"product_cat-numerique","7":"product_cat-revues","8":"product_shipping_class-revue","10":"first","11":"instock","12":"downloadable","13":"virtual","14":"purchasable","15":"product-type-simple"},"_links":{"self":[{"href":"https:\/\/www.kipuka.fr\/site\/wp-json\/wp\/v2\/product\/1104","targetHints":{"allow":["GET"]}}],"collection":[{"href":"https:\/\/www.kipuka.fr\/site\/wp-json\/wp\/v2\/product"}],"about":[{"href":"https:\/\/www.kipuka.fr\/site\/wp-json\/wp\/v2\/types\/product"}],"wp:featuredmedia":[{"embeddable":true,"href":"https:\/\/www.kipuka.fr\/site\/wp-json\/wp\/v2\/media\/1100"}],"wp:attachment":[{"href":"https:\/\/www.kipuka.fr\/site\/wp-json\/wp\/v2\/media?parent=1104"}],"wp:term":[{"taxonomy":"product_brand","embeddable":true,"href":"https:\/\/www.kipuka.fr\/site\/wp-json\/wp\/v2\/product_brand?post=1104"},{"taxonomy":"product_cat","embeddable":true,"href":"https:\/\/www.kipuka.fr\/site\/wp-json\/wp\/v2\/product_cat?post=1104"},{"taxonomy":"product_tag","embeddable":true,"href":"https:\/\/www.kipuka.fr\/site\/wp-json\/wp\/v2\/product_tag?post=1104"}],"curies":[{"name":"wp","href":"https:\/\/api.w.org\/{rel}","templated":true}]}}