{"id":1028,"date":"2023-09-30T11:00:53","date_gmt":"2023-09-30T09:00:53","guid":{"rendered":"https:\/\/www.kipuka.fr\/site\/?post_type=product&#038;p=1028"},"modified":"2024-10-10T21:06:08","modified_gmt":"2024-10-10T19:06:08","slug":"kipuka-3-numerique","status":"publish","type":"product","link":"https:\/\/www.kipuka.fr\/site\/produit\/kipuka-3-numerique\/","title":{"rendered":"k\u012bpuka #3 (num\u00e9rique)"},"content":{"rendered":"<p>Au sommaire du num\u00e9ro 3 de <strong>k\u012bpuka<\/strong>, paru le 30 septembre 2023 :<\/p>\n<p><strong>L\u2019actualit\u00e9 \u00e9ruptive du troisi\u00e8me trimestre 2023<\/strong><br \/>\nCe num\u00e9ro propose un focus sur plusieurs \u00e9ruptions effusives, avec notamment de nouvelles \u00e9missions de lave au Fagradalsfjall (Islande), au Piton de la Fournaise, \u00e0 l&rsquo;Etna&#8230; Mais revient aussi sur l&rsquo;\u00e9ruption explosive du Shishaldin (Alaska), et fait le point sur les r\u00e9cents s\u00e9ismes dans les Champs Phl\u00e9gr\u00e9ens.<\/p>\n<p><strong>L\u2019actualit\u00e9 scientifique du troisi\u00e8me trimestre 2023<\/strong><br \/>\nL&rsquo;impact sous-marin du volcan Hunga Tonga\u2013Hunga Ha\u02bbapai ; quand les cendres perturbent la navigation sur les lacs andins ; \u00e0 La Palma, les tunnels de lave de la discorde ; nouvelles \u00e9tudes du volcanisme martien&#8230;<\/p>\n<p><strong>La myst\u00e9rieuse \u00e9ruption de Tor Zawar<\/strong><br \/>\nEn 2010, au Pakistan, eut lieu une \u00e9ruption tr\u00e8s particuli\u00e8re, avec seulement 8 m3 de lave sortis dans une r\u00e9gion compl\u00e8tement d\u00e9nu\u00e9e d&rsquo;activit\u00e9 volcanique, les seules roches volcaniques des environs datant de 70 millions d&rsquo;ann\u00e9es&#8230; Un cas qui a pos\u00e9 quelques probl\u00e8mes aux g\u00e9ologues, avant qu&rsquo;une explication rationnelle soit enfin trouv\u00e9e.<\/p>\n<p><strong>Dossier : interactions volcans\u2013climat<\/strong><br \/>\nLes volcans ont une influence sur le climat. En particulier, les grandes \u00e9ruptions peuvent refroidir l\u2019atmosph\u00e8re en \u00e9mettant de grandes quantit\u00e9s d\u2019a\u00e9rosols bloquant le rayonnement solaire. Elles peuvent aussi impacter les pr\u00e9cipitations. On le sait moins, mais le climat peut aussi avoir une influence sur l&rsquo;activit\u00e9 volcanique. Revue de ces interactions parfois complexes.<\/p>\n<p><a href=\"https:\/\/www.kipuka.fr\/site\/la-decouverte-des-avalanches-de-debris\/\"><strong>La d\u00e9couverte des avalanches de d\u00e9bris<\/strong><\/a><br \/>\nOn associe g\u00e9n\u00e9ralement la d\u00e9couverte des avalanches de d\u00e9bris \u00e0 l\u2019\u00e9ruption du mont Saint Helens en 1980. Pourtant ce ph\u00e9nom\u00e8ne avait d\u00e9j\u00e0 \u00e9t\u00e9 observ\u00e9 auparavant au Kamtchatka, au Japon\u2026 comme en attestent plusieurs documents d\u2019archives.<\/p>\n<p><strong>Des oasis dans les abysses<\/strong><br \/>\nAu fond des oc\u00e9ans, des chemin\u00e9es hydrothermales crachent des fluides bouillants. Un environnement extr\u00eame auquel des formes de vie se sont pourtant adapt\u00e9es&#8230; En l\u2019absence de lumi\u00e8re, ces organismes ont d\u00e9velopp\u00e9 un m\u00e9tabolisme bas\u00e9 sur la chimie.<\/p>\n<p><strong>Pourquoi y a-t-il des volcans sur Terre ?<\/strong><br \/>\nLa pr\u00e9sence de volcans sur Terre ne va pas forc\u00e9ment de soi. En fait, les conditions habituelles qui r\u00e8gnent \u00e0 l&rsquo;int\u00e9rieur de notre plan\u00e8te ne permettent pas de faire fondre le manteau : la temp\u00e9rature est inf\u00e9rieure \u00e0 son point de fusion. Mais deux processus physiques peuvent changer cela dans des circonstances particuli\u00e8res.<\/p>\n","protected":false},"excerpt":{"rendered":"<div class=\"wp-block-post-excerpt\">\n<p class=\"wp-block-post-excerpt__excerpt\">Num\u00e9ro 3 de <strong>k\u012bpuka<\/strong> (version num\u00e9rique). Fichier pdf de 52 pages.<\/p>\n<\/div>\n","protected":false},"featured_media":44,"template":"","meta":[],"product_brand":[],"product_cat":[38,21],"product_tag":[],"class_list":{"0":"post-1028","1":"product","2":"type-product","3":"status-publish","4":"has-post-thumbnail","6":"product_cat-numerique","7":"product_cat-revues","8":"product_shipping_class-revue","10":"first","11":"instock","12":"downloadable","13":"virtual","14":"purchasable","15":"product-type-simple"},"_links":{"self":[{"href":"https:\/\/www.kipuka.fr\/site\/wp-json\/wp\/v2\/product\/1028","targetHints":{"allow":["GET"]}}],"collection":[{"href":"https:\/\/www.kipuka.fr\/site\/wp-json\/wp\/v2\/product"}],"about":[{"href":"https:\/\/www.kipuka.fr\/site\/wp-json\/wp\/v2\/types\/product"}],"wp:featuredmedia":[{"embeddable":true,"href":"https:\/\/www.kipuka.fr\/site\/wp-json\/wp\/v2\/media\/44"}],"wp:attachment":[{"href":"https:\/\/www.kipuka.fr\/site\/wp-json\/wp\/v2\/media?parent=1028"}],"wp:term":[{"taxonomy":"product_brand","embeddable":true,"href":"https:\/\/www.kipuka.fr\/site\/wp-json\/wp\/v2\/product_brand?post=1028"},{"taxonomy":"product_cat","embeddable":true,"href":"https:\/\/www.kipuka.fr\/site\/wp-json\/wp\/v2\/product_cat?post=1028"},{"taxonomy":"product_tag","embeddable":true,"href":"https:\/\/www.kipuka.fr\/site\/wp-json\/wp\/v2\/product_tag?post=1028"}],"curies":[{"name":"wp","href":"https:\/\/api.w.org\/{rel}","templated":true}]}}