{"id":1023,"date":"2023-06-30T11:00:19","date_gmt":"2023-06-30T09:00:19","guid":{"rendered":"https:\/\/www.kipuka.fr\/site\/?post_type=product&#038;p=1023"},"modified":"2024-10-10T21:06:22","modified_gmt":"2024-10-10T19:06:22","slug":"kipuka-2-numerique","status":"publish","type":"product","link":"https:\/\/www.kipuka.fr\/site\/produit\/kipuka-2-numerique\/","title":{"rendered":"k\u012bpuka #2 (num\u00e9rique)"},"content":{"rendered":"<p>Au sommaire du num\u00e9ro 2 de <strong>k\u012bpuka<\/strong>, paru le 30 juin 2023 :<\/p>\n<p><strong>L\u2019actualit\u00e9 \u00e9ruptive du deuxi\u00e8me trimestre 2023<\/strong><br \/>\nDes \u00e9vacuations au Fuego et au Mayon ; des retomb\u00e9es de cendres synchronis\u00e9es au Popocat\u00e9petl et \u00e0 l&rsquo;Etna ; l&rsquo;\u00e9ruption du Sheveluch illustre la vie mouvement\u00e9e des stratovolcans ; des cendres vieilles d&rsquo;un si\u00e8cle emport\u00e9e par le vent&#8230;<\/p>\n<p><strong>L\u2019actualit\u00e9 scientifique du deuxi\u00e8me trimestre 2023<\/strong><br \/>\nDes \u00e9clipses de Lune utilis\u00e9es pour dater des \u00e9ruptions m\u00e9di\u00e9vales ; deux \u00e9tudes montrent que les coul\u00e9es de la cha\u00eene des Puys ont toujours beaucoup \u00e0 nous apprendre ; la d\u00e9couverte d&rsquo;une exoplan\u00e8te volcanique ; des \u00e9tudes qui font le lien entre volcanisme et foisonnement de la vie&#8230;<\/p>\n<p><strong>La cuisine g\u00e9othermale<\/strong><br \/>\nLa chaleur des sources g\u00e9othermales est parfois utilis\u00e9e pour cuisiner. De par le monde, de nombreux peuples exploitent la chaleur des volcans pour cuisiner. Petit tour d\u2019horizon non exhaustif de cette cuisine volcanique<\/p>\n<p><strong>Dossier : les k\u012bpukas<\/strong><br \/>\nk\u012bpuka. Avant d\u2019\u00eatre le nom de la revue, ce terme hawa\u00efen d\u00e9signe des parcelles de terrain qui ont \u00e9t\u00e9 entour\u00e9es, mais pas recouvertes, par les ramifications d\u2019une coul\u00e9e de lave. Ces espaces deviennent ainsi coup\u00e9s du monde ext\u00e9rieur, \u00eelots de verdure perdus dans un oc\u00e9an min\u00e9ral.<\/p>\n<p><a href=\"https:\/\/www.kipuka.fr\/site\/volcanisme-et-christianisation-de-lislande\/\"><strong>Volcanisme et christianisation de l\u2019Islande<\/strong><\/a><br \/>\nLes volcans ont parfois un impact sur les civilisations. En Islande, sagas vikings et preuves g\u00e9ologiques racontent une m\u00eame histoire : autour de l\u2019an mille, deux \u00e9ruptions ont jou\u00e9 un r\u00f4le dans la christianisation de l\u2019\u00eele\u2026<\/p>\n<p><strong>L\u2019\u00e9ruption du mont Mazama, par Paul Clark Rockwood<\/strong><br \/>\nL&rsquo;\u00e9ruption cataclysmique du mont Mazama il y a 7\u00a0700 ans a \u00e9t\u00e9 l&rsquo;objet d&rsquo;un triptyque de l&rsquo;am\u00e9ricain Paul Rockwood \u00e0 la fin des ann\u00e9es 30. Un travail command\u00e9 par l&rsquo;organisme g\u00e9rant les parcs nationaux am\u00e9ricains afin de donner du travail aux artistes dans le cade du New Deal.<\/p>\n<p><strong>Coul\u00e9es de lave et biodiversit\u00e9 au Piton de la Fournaise<\/strong><br \/>\nPartons \u00e0 la R\u00e9union pour comprendre comment les plantes colonisent la lave apr\u00e8s une \u00e9ruption, et quel effet celle-ci peut avoir sur la vie sauvage. \u00c0 travers plusieurs \u00e9tudes, nous verrons l\u2019impact que la lave peut avoir sur l\u2019\u00e9cosyst\u00e8me, mais aussi quelles informations les arbres peuvent nous apporter sur la g\u00e9ologie de l\u2019\u00eele.<\/p>\n<p><strong>Pourquoi n\u2019y a t\u2019il pas de volcans dans certaines r\u00e9gions des Andes ?<\/strong><br \/>\nBien que la plaque Pacifique plonge sous l\u2019Am\u00e9rique du Sud tout le long du continent, le volcanisme associ\u00e9 \u00e0 cette subduction forme des segments discontinus. Pourquoi l\u2019activit\u00e9 volcanique est-elle absente dans certaines r\u00e9gions andines ? L\u2019explication se trouve au fond de l\u2019oc\u00e9an\u2026<\/p>\n","protected":false},"excerpt":{"rendered":"<p>Num\u00e9ro 2 de <strong>k\u012bpuka<\/strong> (version num\u00e9rique). Fichier pdf de 52 pages.<\/p>\n","protected":false},"featured_media":43,"template":"","meta":[],"product_brand":[],"product_cat":[38,21],"product_tag":[],"class_list":{"0":"post-1023","1":"product","2":"type-product","3":"status-publish","4":"has-post-thumbnail","6":"product_cat-numerique","7":"product_cat-revues","8":"product_shipping_class-revue","10":"first","11":"instock","12":"downloadable","13":"virtual","14":"purchasable","15":"product-type-simple"},"_links":{"self":[{"href":"https:\/\/www.kipuka.fr\/site\/wp-json\/wp\/v2\/product\/1023","targetHints":{"allow":["GET"]}}],"collection":[{"href":"https:\/\/www.kipuka.fr\/site\/wp-json\/wp\/v2\/product"}],"about":[{"href":"https:\/\/www.kipuka.fr\/site\/wp-json\/wp\/v2\/types\/product"}],"wp:featuredmedia":[{"embeddable":true,"href":"https:\/\/www.kipuka.fr\/site\/wp-json\/wp\/v2\/media\/43"}],"wp:attachment":[{"href":"https:\/\/www.kipuka.fr\/site\/wp-json\/wp\/v2\/media?parent=1023"}],"wp:term":[{"taxonomy":"product_brand","embeddable":true,"href":"https:\/\/www.kipuka.fr\/site\/wp-json\/wp\/v2\/product_brand?post=1023"},{"taxonomy":"product_cat","embeddable":true,"href":"https:\/\/www.kipuka.fr\/site\/wp-json\/wp\/v2\/product_cat?post=1023"},{"taxonomy":"product_tag","embeddable":true,"href":"https:\/\/www.kipuka.fr\/site\/wp-json\/wp\/v2\/product_tag?post=1023"}],"curies":[{"name":"wp","href":"https:\/\/api.w.org\/{rel}","templated":true}]}}