{"id":360,"date":"2023-07-04T14:33:17","date_gmt":"2023-07-04T12:33:17","guid":{"rendered":"https:\/\/www.kipuka.fr\/site\/?page_id=360"},"modified":"2024-10-10T21:01:30","modified_gmt":"2024-10-10T19:01:30","slug":"supplements-au-numero-2","status":"publish","type":"page","link":"https:\/\/www.kipuka.fr\/site\/supplements-au-numero-2\/","title":{"rendered":"Suppl\u00e9ments au num\u00e9ro 2"},"content":{"rendered":"\n<p>Voici quelques <strong><mark style=\"background-color:rgba(0, 0, 0, 0);color:#800000\" class=\"has-inline-color\">suppl\u00e9ments<\/mark><\/strong> en ligne qui viennent compl\u00e9ter <strong>k\u012bpuka<\/strong> #2.<\/p>\n\n\n\n<h2 class=\"wp-block-heading has-large-font-size\"><strong>R\u00e9f\u00e9rences bibliographiques<\/strong><\/h2>\n\n\n\n<p>Toutes les <mark style=\"background-color:rgba(0, 0, 0, 0);color:#800000\" class=\"has-inline-color\"><strong>r\u00e9f\u00e9rences bibliographiques<\/strong><\/mark> cit\u00e9es dans la revue sont disponibles sur <a href=\"https:\/\/www.zotero.org\/kipuka\/library\">notre page Zotero<\/a>. Si un article est en libre acc\u00e8s, vous y trouverez \u00e9galement un lien pour t\u00e9l\u00e9charger le fichier, sinon seule la r\u00e9f\u00e9rence est indiqu\u00e9e. Si vous voulez citer des articles de <strong>k\u012bpuka<\/strong>, les r\u00e9f\u00e9rences sont accessibles sur <a href=\"https:\/\/www.zotero.org\/kipuka\/publications\">cette page<\/a>.<\/p>\n\n\n\n<h2 class=\"wp-block-heading has-large-font-size\"><strong>Coordonn\u00e9es g\u00e9ographiques des lieux mentionn\u00e9s<\/strong><\/h2>\n\n\n\n<p>Envie d\u2019\u00e9vasion ? Ce <a href=\"https:\/\/www.kipuka.fr\/site\/wp-content\/uploads\/2023\/07\/kipuka-2.kml\">fichier kml<\/a>, \u00e0 lire avec <strong><mark style=\"background-color:rgba(0, 0, 0, 0);color:#800000\" class=\"has-inline-color\">Google Earth<\/mark><\/strong>, regroupe la plupart des lieux mentionn\u00e9s dans la revue : les volcans cit\u00e9s dans l&rsquo;actualit\u00e9 \u00e9ruptive du trimestre, les <em>k\u012bpukas<\/em> list\u00e9s dans le dossier, etc.<\/p>\n\n\n\n<figure class=\"wp-block-image size-large\"><img loading=\"lazy\" decoding=\"async\" width=\"1024\" height=\"576\" src=\"https:\/\/www.kipuka.fr\/site\/wp-content\/uploads\/2023\/07\/Google_Earth_2-1024x576.jpg\" alt=\"Capture d'\u00e9cran de Google Earth montrant une image satellite de l'Islande et la localisation de plusieurs points d'int\u00e9r\u00eat mentionn\u00e9s dans le num\u00e9ro 2 de k\u012bpuka. Les coordonn\u00e9es de ces lieux sont disponibles sous forme de suppl\u00e9ments.\" class=\"wp-image-359\" srcset=\"https:\/\/www.kipuka.fr\/site\/wp-content\/uploads\/2023\/07\/Google_Earth_2-1024x576.jpg 1024w, https:\/\/www.kipuka.fr\/site\/wp-content\/uploads\/2023\/07\/Google_Earth_2-600x338.jpg 600w, https:\/\/www.kipuka.fr\/site\/wp-content\/uploads\/2023\/07\/Google_Earth_2-300x169.jpg 300w, https:\/\/www.kipuka.fr\/site\/wp-content\/uploads\/2023\/07\/Google_Earth_2-768x432.jpg 768w, https:\/\/www.kipuka.fr\/site\/wp-content\/uploads\/2023\/07\/Google_Earth_2.jpg 1280w\" sizes=\"auto, (max-width: 1024px) 100vw, 1024px\" \/><figcaption class=\"wp-element-caption\"><em>Exemple de points d&rsquo;int\u00e9r\u00eat enregistr\u00e9s dans le fichier kml, ici en Islande.<\/em><\/figcaption><\/figure>\n","protected":false},"excerpt":{"rendered":"<p>Voici quelques suppl\u00e9ments en ligne qui viennent compl\u00e9ter k\u012bpuka #2. R\u00e9f\u00e9rences bibliographiques Toutes les r\u00e9f\u00e9rences bibliographiques cit\u00e9es dans la revue sont disponibles sur notre page Zotero. Si un article est en libre acc\u00e8s, vous y trouverez \u00e9galement un lien pour t\u00e9l\u00e9charger le fichier, sinon seule la r\u00e9f\u00e9rence est indiqu\u00e9e. Si vous voulez citer des articles [&hellip;]<\/p>\n","protected":false},"author":1,"featured_media":0,"parent":0,"menu_order":0,"comment_status":"closed","ping_status":"closed","template":"page-no-title","meta":{"footnotes":""},"class_list":["post-360","page","type-page","status-publish","hentry"],"_links":{"self":[{"href":"https:\/\/www.kipuka.fr\/site\/wp-json\/wp\/v2\/pages\/360","targetHints":{"allow":["GET"]}}],"collection":[{"href":"https:\/\/www.kipuka.fr\/site\/wp-json\/wp\/v2\/pages"}],"about":[{"href":"https:\/\/www.kipuka.fr\/site\/wp-json\/wp\/v2\/types\/page"}],"author":[{"embeddable":true,"href":"https:\/\/www.kipuka.fr\/site\/wp-json\/wp\/v2\/users\/1"}],"replies":[{"embeddable":true,"href":"https:\/\/www.kipuka.fr\/site\/wp-json\/wp\/v2\/comments?post=360"}],"version-history":[{"count":6,"href":"https:\/\/www.kipuka.fr\/site\/wp-json\/wp\/v2\/pages\/360\/revisions"}],"predecessor-version":[{"id":1002,"href":"https:\/\/www.kipuka.fr\/site\/wp-json\/wp\/v2\/pages\/360\/revisions\/1002"}],"wp:attachment":[{"href":"https:\/\/www.kipuka.fr\/site\/wp-json\/wp\/v2\/media?parent=360"}],"curies":[{"name":"wp","href":"https:\/\/api.w.org\/{rel}","templated":true}]}}