{"id":326,"date":"2023-06-26T21:16:13","date_gmt":"2023-06-26T19:16:13","guid":{"rendered":"https:\/\/www.kipuka.fr\/site\/?page_id=326"},"modified":"2026-03-30T09:09:09","modified_gmt":"2026-03-30T07:09:09","slug":"planning-des-conferences-sur-les-volcans","status":"publish","type":"page","link":"https:\/\/www.kipuka.fr\/site\/planning-des-conferences-sur-les-volcans\/","title":{"rendered":"Planning des conf\u00e9rences sur les volcans"},"content":{"rendered":"\n<p>Voici le <strong><mark style=\"background-color:rgba(0, 0, 0, 0);color:#800000\" class=\"has-inline-color\">planning pr\u00e9visionnel<\/mark><\/strong> de nos conf\u00e9rences sur les volcans. D&rsquo;autres dates sont en cours de confirmation. <a href=\"https:\/\/www.kipuka.fr\/site\/conference-volcans\/\">Plus d&rsquo;infos<\/a> sur les conf\u00e9rences.<\/p>\n\n\n\n<p>La revue <strong>k\u012bpuka<\/strong> sera \u00e9galement pr\u00e9sente sur quelques salons, \u00e9v\u00e9nements, bourses aux min\u00e9raux&#8230; N&rsquo;h\u00e9sitez pas \u00e0 venir \u00e9changer sur notre stand !<\/p>\n\n\n\n<p>\u2013 Le <strong><mark style=\"background-color:rgba(0, 0, 0, 0);color:#800000\" class=\"has-inline-color\">2 octobre 2026<\/mark><\/strong> au Pont-de-Claix (38), conf\u00e9rence organis\u00e9e par le <a href=\"https:\/\/www.cdmp.fr\/\">Club Dauphinois de Min\u00e9ralogie et de Pal\u00e9ontologie<\/a>.<br>Th\u00e8me : <strong>Volcans et vivant<\/strong><\/p>\n\n\n\n<p>\u2013 Le <strong><mark style=\"background-color:rgba(0, 0, 0, 0);color:#800000\" class=\"has-inline-color\">14 novembre 2026<\/mark><\/strong> \u00e0 Bozouls (12), conf\u00e9rence organis\u00e9e par les <a href=\"https:\/\/geopole12.org\/\">Amis des Sciences de la Terre<\/a>.<br>Th\u00e8me : <strong><strong>Volcans extraterrestres<\/strong><\/strong><\/p>\n\n\n\n<p>\u2013 Le <strong><mark style=\"background-color:rgba(0, 0, 0, 0);color:#800000\" class=\"has-inline-color\">8 d\u00e9cembre 2026<\/mark><\/strong> \u00e0 Clermont-Ferrand (63), conf\u00e9rence organis\u00e9e par la <a href=\"https:\/\/geopole12.org\/\">Soci\u00e9t\u00e9 d&rsquo;Histoire Naturelle d&rsquo;Auvergne<\/a>.<br>Th\u00e8me : <strong>Volcans extraterrestres<\/strong><\/p>\n\n\n\n<p>\u2013 Le <strong><mark style=\"background-color:rgba(0, 0, 0, 0);color:#800000\" class=\"has-inline-color\">10 mai 2027<\/mark><\/strong> \u00e0 \u00c9tampes (91), conf\u00e9rence organis\u00e9e par l&rsquo;<a href=\"https:\/\/www.utl-essonne.org\/\">UTL Essonne<\/a>.<br>Th\u00e8me : <strong>Volcans et vivant<\/strong><\/p>\n\n\n\n<hr class=\"wp-block-separator has-alpha-channel-opacity\"\/>\n\n\n\n<h2 class=\"wp-block-heading has-large-font-size\"><strong>\u00c9v\u00e9nements<\/strong> <strong>pass\u00e9s<\/strong><\/h2>\n\n\n\n<p>\u2013 Le <strong><mark style=\"background-color:rgba(0, 0, 0, 0);color:#800000\" class=\"has-inline-color\">28 mars 2026<\/mark><\/strong> \u00e0 Ch\u00e2teaumeillant (18), conf\u00e9rence organis\u00e9e par <a href=\"https:\/\/chateaumeillant-nature.over-blog.com\/\">Ch\u00e2teaumeillant Nature<\/a>.<br>Th\u00e8me : <strong>Volcans et vivant<\/strong><\/p>\n\n\n\n<p>\u2013 Le <strong><mark style=\"background-color:rgba(0, 0, 0, 0);color:#800000\" class=\"has-inline-color\">20 mars 2026<\/mark><\/strong> \u00e0 Besse (63), conf\u00e9rence organis\u00e9e par l&rsquo;Universit\u00e9 populaire du Sancy.<br>Th\u00e8me : <strong>Volcanisme des monts Dore<\/strong><\/p>\n\n\n\n<p>\u2013 Les <strong><mark style=\"background-color:rgba(0, 0, 0, 0);color:#800000\" class=\"has-inline-color\">21 et 22 f\u00e9vrier 2026<\/mark><\/strong>, les \u00e9ditions k\u012bpuka \u00e9taient au 69<sup>e<\/sup> salon des min\u00e9raux de Ch\u00e2tel-Guyon (63), organis\u00e9 par l&rsquo;<a href=\"https:\/\/www.agva63.fr\/\" data-type=\"link\" data-id=\"https:\/\/www.agva63.fr\/\">Association G\u00e9ologique des Volcans d&rsquo;Auvergne<\/a>.<br>Conf\u00e9rence sur le th\u00e8me des <strong>Mat\u00e9riaux volcaniques<\/strong>.<\/p>\n\n\n\n<p>\u2013 Le <strong><mark style=\"background-color:rgba(0, 0, 0, 0);color:#800000\" class=\"has-inline-color\">14 novembre 2025<\/mark><\/strong> \u00e0 Bozouls (12), conf\u00e9rence organis\u00e9e par les <a href=\"https:\/\/geopole12.org\/\">Amis des Sciences de la Terre<\/a>.<br>Th\u00e8me : <strong>Volcanisme des monts Dore<\/strong><\/p>\n\n\n\n<p>\u2013 Du <strong><mark style=\"background-color:rgba(0, 0, 0, 0);color:#800000\" class=\"has-inline-color\">7 au 9 novembre 2025<\/mark><\/strong> \u00e0 Lyon (69), les \u00e9ditions k\u012bpuka \u00e9taient pr\u00e9sentes \u00e0 la 50<sup>e<\/sup> \u00e9dition du salon Mineralyon.<\/p>\n\n\n\n<p>\u2013 Du <strong><mark style=\"background-color:rgba(0, 0, 0, 0);color:#800000\" class=\"has-inline-color\">27 au 31 octobre 2025<\/mark><\/strong> \u00e0 Montpellier (34), les \u00e9ditions k\u012bpuka \u00e9taient pr\u00e9sentes \u00e0 la 29<sup>e<\/sup> \u00e9dition des Rencontres des Sciences de la Terre, organis\u00e9es par la <a href=\"https:\/\/www.geosoc.fr\/\">Soci\u00e9t\u00e9 G\u00e9ologique de France<\/a>.<\/p>\n\n\n\n<p>\u2013 Le <strong><mark style=\"background-color:rgba(0, 0, 0, 0);color:#800000\" class=\"has-inline-color\">14 octobre 2025<\/mark><\/strong> \u00e0 Figeac (46), conf\u00e9rence organis\u00e9e par l\u2019\u00c9cho des Sciences.<br>Th\u00e8me : <strong>Volcans et climat<\/strong><\/p>\n\n\n\n<p>\u2013 Les <strong><mark style=\"background-color:rgba(0, 0, 0, 0);color:#800000\" class=\"has-inline-color\">23 et 24 ao\u00fbt 2025<\/mark><\/strong>, les \u00e9ditions k\u012bpuka \u00e9taient pr\u00e9sentes au 68<sup>e<\/sup> salon des min\u00e9raux de Ch\u00e2tel-Guyon (63), organis\u00e9 par l&rsquo;<a href=\"https:\/\/www.agva63.fr\/\" data-type=\"link\" data-id=\"https:\/\/www.agva63.fr\/\">Association G\u00e9ologique des Volcans d&rsquo;Auvergne<\/a>.<\/p>\n\n\n\n<p>\u2013 Le <strong><mark style=\"background-color:rgba(0, 0, 0, 0);color:#800000\" class=\"has-inline-color\">8 juin 2025<\/mark><\/strong> au village de vacances de Tence (43), conf\u00e9rence dans le cadre de l&rsquo;assembl\u00e9e g\u00e9n\u00e9rale de <a href=\"https:\/\/www.lave-volcans.com\/\">l&rsquo;association LAVE<\/a>.<br>Th\u00e8me : <strong>Volcans extraterrestres<\/strong><\/p>\n\n\n\n<p>\u2013 Les <strong><mark style=\"background-color:rgba(0, 0, 0, 0);color:#800000\" class=\"has-inline-color\">2, 3 et 4 mai 2025<\/mark><\/strong>, les \u00e9ditions k\u012bpuka \u00e9taient pr\u00e9sentes \u00e0 la F\u00eate des Min\u00e9raux du Bourg-d&rsquo;Oisans (38). Pr\u00e9sentation du film <em>Au c\u0153ur des volcans<\/em>, le samedi 3 \u00e0 18 h 30, et conf\u00e9rence le vendredi 2 \u00e0 15 h.<br>Th\u00e8me : <strong>Volcans extraterrestres<\/strong><\/p>\n\n\n\n<p>\u2013 Le <strong><mark style=\"background-color:rgba(0, 0, 0, 0);color:#800000\" class=\"has-inline-color\">mercredi 9 avril 2025<\/mark><\/strong> \u00e0 Grenoble (38), intervention dans le programme de l&rsquo;atelier Pang\u00e9e organis\u00e9 par l&rsquo;<a href=\"https:\/\/www.uiad-geologie.fr\/\" data-type=\"link\" data-id=\"https:\/\/www.uiad-geologie.fr\/\">Universit\u00e9 Inter-\u00c2ges du Dauphin\u00e9<\/a>.<br>Th\u00e8me : <strong>Les volcans dans leur environnement<\/strong><\/p>\n\n\n\n<p>\u2013 Le <strong><mark style=\"background-color:rgba(0, 0, 0, 0);color:#800000\" class=\"has-inline-color\">22 mars 2025<\/mark><\/strong> \u00e0 18 h 30 au Montet (03), conf\u00e9rence organis\u00e9e par le <a href=\"https:\/\/123bocage.assoconnect.com\/page\/217278-actualites\">Centre social 1, 2, 3 Bocage<\/a>.<br>Th\u00e8me : <strong>La figure du volcan dans la po\u00e9sie<\/strong><\/p>\n\n\n\n<p>\u2013 Les <strong><mark style=\"background-color:rgba(0, 0, 0, 0);color:#800000\" class=\"has-inline-color\">1 et 2 mars 2025<\/mark><\/strong>, les \u00e9ditions k\u012bpuka \u00e9taient pr\u00e9sentes au 67<sup>e<\/sup> salon des min\u00e9raux de Ch\u00e2tel-Guyon (63), organis\u00e9 par l&rsquo;<a href=\"https:\/\/www.agva63.fr\/\" data-type=\"link\" data-id=\"https:\/\/www.agva63.fr\/\">Association G\u00e9ologique des Volcans d&rsquo;Auvergne<\/a>.<br>Conf\u00e9rence sur le th\u00e8me <strong>Volcans extraterrestres<\/strong><\/p>\n\n\n\n<p>\u2013 Le <strong><mark style=\"background-color:rgba(0, 0, 0, 0);color:#800000\" class=\"has-inline-color\">samedi 15 f\u00e9vrier 2025<\/mark><\/strong>, de 14 h \u00e0 18 h, animation \u00ab <strong>Am\u00e8ne ton caillou<\/strong> \u00bb au Mus\u00e9um Henri-Lecoq de Clermont-Ferrand (63). Une manifestation plac\u00e9e sous la houlette de la section <a href=\"https:\/\/geolesgf.wordpress.com\/2024\/10\/28\/premiere-edition-de-levenement-sgf-amene-ton-caillou\/\">G\u00e9ole de la Soci\u00e9t\u00e9 G\u00e9ologique de France<\/a>.<\/p>\n\n\n\n<p>\u2013 Le <strong><mark style=\"background-color:rgba(0, 0, 0, 0);color:#800000\" class=\"has-inline-color\">mardi 11 f\u00e9vrier 2025<\/mark><\/strong> \u00e0 18 h \u00e0 la maison des associations de Chamali\u00e8res (63), conf\u00e9rence organis\u00e9e par l&rsquo;<a href=\"https:\/\/www.alchamalieres.org\/\">Amicale La\u00efque Chamali\u00e8res<\/a>.<br>Th\u00e8me : <strong>Mat\u00e9riaux volcaniques<\/strong><\/p>\n\n\n\n<p>\u2013 Le <strong><mark style=\"background-color:rgba(0, 0, 0, 0);color:#800000\" class=\"has-inline-color\">jeudi 9 janvier 2025<\/mark><\/strong> \u00e0 16 h 45 \u00e0 Evry (91), conf\u00e9rence organis\u00e9e par l&rsquo;<a href=\"https:\/\/www.utl-essonne.org\/\">UTL Essonne<\/a>.<br>Th\u00e8me : <strong>Volcans et vivant<\/strong><\/p>\n\n\n\n<p>\u2013 Le <strong><mark style=\"background-color:rgba(0, 0, 0, 0);color:#800000\" class=\"has-inline-color\">samedi 9 novembre 2024<\/mark><\/strong> \u00e0 Bozouls (12), conf\u00e9rence organis\u00e9e par les <a href=\"https:\/\/geopole12.org\/\">Amis des Sciences de la Terre<\/a>.<br>Th\u00e8me : <strong>Volcans et vivant<\/strong><\/p>\n\n\n\n<p>\u2013 Les <strong><mark style=\"background-color:rgba(0, 0, 0, 0);color:#800000\" class=\"has-inline-color\">24 et 25 ao\u00fbt 2024<\/mark><\/strong>, les \u00e9ditions k\u012bpuka \u00e9taient pr\u00e9sentes au 66<sup>e<\/sup> salon des min\u00e9raux de Ch\u00e2tel-Guyon (63), organis\u00e9 par l&rsquo;<a href=\"https:\/\/www.agva63.fr\/\" data-type=\"link\" data-id=\"https:\/\/www.agva63.fr\/\">Association G\u00e9ologique des Volcans d&rsquo;Auvergne<\/a>.<\/p>\n\n\n\n<p>\u2013 Le <strong><mark style=\"background-color:rgba(0, 0, 0, 0);color:#800000\" class=\"has-inline-color\">samedi 20 avril 2024<\/mark><\/strong> \u00e0 Bozouls (12), conf\u00e9rence organis\u00e9e par les <a href=\"https:\/\/geopole12.org\/\">Amis des Sciences de la Terre<\/a>.<br>Th\u00e8me : <strong>Volcans et climat<\/strong><\/p>\n\n\n\n<p>\u2013 Le <strong><mark style=\"background-color:rgba(0, 0, 0, 0);color:#800000\" class=\"has-inline-color\">mardi 09 avril 2024<\/mark><\/strong> \u00e0 la maison des associations de Chamali\u00e8res (63), conf\u00e9rence organis\u00e9e par l&rsquo;<a href=\"https:\/\/www.alchamalieres.org\/\">Amicale La\u00efque Chamali\u00e8res<\/a>.<br>Th\u00e8me : <strong>Volcans et vivant<\/strong><\/p>\n\n\n\n<p>\u2013 Les <strong><mark style=\"background-color:rgba(0, 0, 0, 0);color:#800000\" class=\"has-inline-color\">23 et 24 mars 2024<\/mark><\/strong>, les \u00e9ditions k\u012bpuka \u00e9taient pr\u00e9sentes \u00e0 la 10<sup>e<\/sup> bourse aux min\u00e9raux de Clermont-Ferrand (63), \u00e0 Polyd\u00f4me, organis\u00e9e par le <a href=\"https:\/\/www.facebook.com\/BDEGeolCF\">BDE G\u00e9ologie<\/a> de Clermont-Ferrand.<br>Conf\u00e9rences sur le th\u00e8me <strong>Volcans et vivant<\/strong><\/p>\n\n\n\n<p>\u2013 Le lundi <strong><mark style=\"background-color:rgba(0, 0, 0, 0);color:#800000\" class=\"has-inline-color\">12 f\u00e9vrier 2024<\/mark><\/strong> \u00e0 20h \u00e0 Gen\u00e8ve (Suisse), conf\u00e9rence organis\u00e9e par la <a href=\"http:\/\/volcan.ch\/index.php\">Soci\u00e9t\u00e9 de Volcanologie Gen\u00e8ve<\/a>.<br>Th\u00e8me : <strong>Volcans et climat<\/strong><\/p>\n\n\n\n<p>\u2013 Les <strong><mark style=\"background-color:rgba(0, 0, 0, 0);color:#800000\" class=\"has-inline-color\">3 et 4 f\u00e9vrier 2024<\/mark><\/strong>, les \u00e9ditions k\u012bpuka \u00e9taient pr\u00e9sentes \u00e0 la 44<sup>e<\/sup> bourse aux min\u00e9raux de Guilherand-Granges (07), organis\u00e9e par le <a href=\"https:\/\/cesn2607.fr\/\">Cercle d&rsquo;\u00c9tudes des Sciences de la Nature<\/a>.<br>Conf\u00e9rences sur le th\u00e8me <strong>Volcans et vivant<\/strong><\/p>\n\n\n\n<p>\u2013 Le mardi <strong><mark style=\"background-color:rgba(0, 0, 0, 0);color:#800000\" class=\"has-inline-color\">16 janvier 2024<\/mark><\/strong>, les \u00e9ditions k\u012bpuka \u00e9taient pr\u00e9sentes aux 10<sup>es<\/sup> <a href=\"https:\/\/www.montagnes-sciences.fr\/\">Rencontres Montagnes &amp; Sciences<\/a> \u00e0 Clermont-Ferrand (63) pour pr\u00e9senter la revue et commenter un film sur l&rsquo;\u00e9ruption du Fagradalsfjall en 2021.<\/p>\n\n\n\n<p>\u2013 Le jeudi <strong><mark style=\"background-color:rgba(0, 0, 0, 0);color:#800000\" class=\"has-inline-color\">30 novembre 2023<\/mark><\/strong> \u00e0 15h \u00e0 B\u00e9ziers (34), conf\u00e9rence organis\u00e9e par l&rsquo;<a href=\"https:\/\/www.utt-beziers.com\/\">UTT-B\u00e9ziers<\/a>.<br>Th\u00e8me : <strong>Volcans et climat<\/strong><\/p>\n\n\n\n<p>\u2013 Du <strong><mark style=\"background-color:rgba(0, 0, 0, 0);color:#800000\" class=\"has-inline-color\">17 au 19 novembre 2023<\/mark><\/strong>, les \u00e9ditions k\u012bpuka \u00e9taient pr\u00e9sentes au <a href=\"https:\/\/rendezvous-carnetdevoyage.com\/\">23<sup>e<\/sup> Rendez-vous International du Carnet de Voyage<\/a> de Clermont-Ferrand (63), \u00e0 Polyd\u00f4me.<\/p>\n\n\n\n<p>\u2013 Le jeudi <strong><mark style=\"background-color:rgba(0, 0, 0, 0);color:#800000\" class=\"has-inline-color\">16 novembre 2023<\/mark><\/strong> \u00e0 14h30 au centre de congr\u00e8s Agora \u00e0 Aubagne (13), conf\u00e9rence organis\u00e9e par l&rsquo;<a href=\"https:\/\/www.aubagne.fr\/utl.html\">UTL Aubagne MAMP<\/a>.<br>Th\u00e8me : <strong>Volcans et climat<\/strong><\/p>\n\n\n\n<p>\u2013 Les <strong><mark style=\"background-color:rgba(0, 0, 0, 0);color:#800000\" class=\"has-inline-color\">14 et 15 octobre 2023<\/mark><\/strong>, les \u00e9ditions k\u012bpuka \u00e9taient pr\u00e9sentes au <a href=\"https:\/\/www.entrevues.org\/lesalon\/33e-salon-de-la-revue\/\">33<sup>e<\/sup> Salon de la Revue<\/a> \u00e0 la Halle des Blancs-Manteaux \u00e0 Paris (75).<\/p>\n\n\n\n<p>\u2013 Le mercredi <strong><mark style=\"background-color:rgba(0, 0, 0, 0);color:#800000\" class=\"has-inline-color\">6 septembre 2023<\/mark><\/strong> \u00e0 17h, conf\u00e9rence organis\u00e9e par la <a href=\"https:\/\/www.librairielesvolcans.com\/\">librairie Les Volcans<\/a> \u00e0 Clermont-Ferrand (63).<br>Th\u00e8me : <strong>Volcans et climat<\/strong><\/p>\n\n\n\n<p>\u2013 Le samedi <strong><mark style=\"background-color:rgba(0, 0, 0, 0);color:#800000\" class=\"has-inline-color\">27 mai 2023<\/mark><\/strong> \u00e0 21h30 au village de vacances de Parent (63), conf\u00e9rence dans le cadre de l&rsquo;assembl\u00e9e g\u00e9n\u00e9rale de <a href=\"https:\/\/www.lave-volcans.com\/\">l&rsquo;association LAVE<\/a>.<br>Th\u00e8me : <strong>Volcans et climat<\/strong><\/p>\n\n\n\n<p>\u2013 Le vendredi <strong><mark style=\"background-color:rgba(0, 0, 0, 0);color:#800000\" class=\"has-inline-color\">7 octobre 2022<\/mark><\/strong> \u00e0 20h \u00e0 la salle Dumoulin \u00e0 Riom (63), conf\u00e9rence organis\u00e9e dans le cadre de la <a href=\"https:\/\/www.fetedelascience.fr\/\">F\u00eate de la science<\/a>.<br>Th\u00e8me : <strong>Volcans et climat<\/strong><\/p>\n","protected":false},"excerpt":{"rendered":"<p>Voici le planning pr\u00e9visionnel de nos conf\u00e9rences sur les volcans. D&rsquo;autres dates sont en cours de confirmation. Plus d&rsquo;infos sur les conf\u00e9rences. La revue k\u012bpuka sera \u00e9galement pr\u00e9sente sur quelques salons, \u00e9v\u00e9nements, bourses aux min\u00e9raux&#8230; N&rsquo;h\u00e9sitez pas \u00e0 venir \u00e9changer sur notre stand ! \u2013 Le 2 octobre 2026 au Pont-de-Claix (38), conf\u00e9rence organis\u00e9e par [&hellip;]<\/p>\n","protected":false},"author":1,"featured_media":0,"parent":0,"menu_order":0,"comment_status":"closed","ping_status":"closed","template":"page-no-title","meta":{"footnotes":""},"class_list":["post-326","page","type-page","status-publish","hentry"],"_links":{"self":[{"href":"https:\/\/www.kipuka.fr\/site\/wp-json\/wp\/v2\/pages\/326","targetHints":{"allow":["GET"]}}],"collection":[{"href":"https:\/\/www.kipuka.fr\/site\/wp-json\/wp\/v2\/pages"}],"about":[{"href":"https:\/\/www.kipuka.fr\/site\/wp-json\/wp\/v2\/types\/page"}],"author":[{"embeddable":true,"href":"https:\/\/www.kipuka.fr\/site\/wp-json\/wp\/v2\/users\/1"}],"replies":[{"embeddable":true,"href":"https:\/\/www.kipuka.fr\/site\/wp-json\/wp\/v2\/comments?post=326"}],"version-history":[{"count":63,"href":"https:\/\/www.kipuka.fr\/site\/wp-json\/wp\/v2\/pages\/326\/revisions"}],"predecessor-version":[{"id":2047,"href":"https:\/\/www.kipuka.fr\/site\/wp-json\/wp\/v2\/pages\/326\/revisions\/2047"}],"wp:attachment":[{"href":"https:\/\/www.kipuka.fr\/site\/wp-json\/wp\/v2\/media?parent=326"}],"curies":[{"name":"wp","href":"https:\/\/api.w.org\/{rel}","templated":true}]}}