{"id":216,"date":"2023-05-11T15:51:00","date_gmt":"2023-05-11T13:51:00","guid":{"rendered":"https:\/\/www.kipuka.fr\/site\/?page_id=216"},"modified":"2026-02-23T11:44:16","modified_gmt":"2026-02-23T10:44:16","slug":"conference-volcans","status":"publish","type":"page","link":"https:\/\/www.kipuka.fr\/site\/conference-volcans\/","title":{"rendered":"Conf\u00e9rence volcans"},"content":{"rendered":"\n<p>Vous \u00eates un <strong><mark style=\"background-color:rgba(0, 0, 0, 0);color:#800000\" class=\"has-inline-color\">lyc\u00e9e<\/mark><\/strong>, un <strong><mark style=\"background-color:rgba(0, 0, 0, 0);color:#800000\" class=\"has-inline-color\">club<\/mark><\/strong> de naturalistes, une <strong><mark style=\"background-color:rgba(0, 0, 0, 0);color:#800000\" class=\"has-inline-color\">association<\/mark><\/strong>, une <strong><mark style=\"background-color:rgba(0, 0, 0, 0);color:#800000\" class=\"has-inline-color\">universit\u00e9 du temps libre<\/mark><\/strong>, une <strong><mark style=\"background-color:rgba(0, 0, 0, 0);color:#800000\" class=\"has-inline-color\">m\u00e9diath\u00e8que<\/mark><\/strong>&#8230; Jean-Marie Prival, docteur en volcanologie, peut intervenir dans votre structure pour pr\u00e9senter une <strong><mark style=\"background-color:rgba(0, 0, 0, 0);color:#800000\" class=\"has-inline-color\">conf\u00e9rence de vulgarisation scientifique sur les volcans<\/mark><\/strong>. Les six th\u00e9matiques suivantes sont propos\u00e9es (autres sujets possibles sur demande)\u00a0:<\/p>\n\n\n\n<p>\u2013 <a href=\"#extraterrestre\">Derni\u00e8res d\u00e9couvertes du volcanisme extraterrestre<\/a><br>\u2013 <a href=\"#mat\u00e9riaux\">Multiples usages des mat\u00e9riaux volcaniques<\/a><br>\u2013 <a href=\"#po\u00e9sie\">La figure du volcan dans la po\u00e9sie antique<\/a><br>\u2013 <a href=\"#climat\">Volcans et climat : des interactions multiples<\/a><br>\u2013 <a href=\"#vivant\">Les volcans et le vivant<\/a><br>\u2013 <a href=\"#Sancy\">Le volcanisme des monts Dore<\/a><\/p>\n\n\n\n<h2 class=\"wp-block-heading has-large-font-size\" id=\"extraterrestre\"><strong>Derni\u00e8res d\u00e9couvertes du volcanisme extraterrestre<\/strong><\/h2>\n\n\n\n<p class=\"has-medium-font-size\">La Lune, V\u00e9nus et Mars poss\u00e8dent toutes un volcanisme r\u00e9cent, voire actuel. M\u00eame si le magma y est fait de roche fondue, comme sur Terre, les volcans de ces astres pr\u00e9sentent des diff\u00e9rences fondamentales avec les \u00e9difices terrestres. Sur les corps plus lointains comme les satellites de Jupiter ou Saturne, des magmas plus exotiques faits de glace cr\u00e9ent des \u00e9ruptions \u00ab&nbsp;cryovolcaniques&nbsp;\u00bb. Enfin, les derniers t\u00e9lescopes nous font entrevoir de possibles mondes volcaniques orbitant d\u2019autres \u00e9toiles\u2026 Cette conf\u00e9rence fait le point sur les derni\u00e8res avanc\u00e9es de la volcanologie extraterrestre.<\/p>\n\n\n\n<figure class=\"wp-block-image size-large\"><img loading=\"lazy\" decoding=\"async\" width=\"1024\" height=\"536\" src=\"https:\/\/www.kipuka.fr\/site\/wp-content\/uploads\/2024\/05\/Mars_volcanoes_featured-1024x536.png\" alt=\"Les Tharsis Montes, volcans g\u00e9ants martiens : Ascraeus Mons, Pavonis Mons et Arsia Mons, de gauche \u00e0 droite.\" class=\"wp-image-884\" srcset=\"https:\/\/www.kipuka.fr\/site\/wp-content\/uploads\/2024\/05\/Mars_volcanoes_featured-1024x536.png 1024w, https:\/\/www.kipuka.fr\/site\/wp-content\/uploads\/2024\/05\/Mars_volcanoes_featured-300x157.png 300w, https:\/\/www.kipuka.fr\/site\/wp-content\/uploads\/2024\/05\/Mars_volcanoes_featured-768x402.png 768w, https:\/\/www.kipuka.fr\/site\/wp-content\/uploads\/2024\/05\/Mars_volcanoes_featured-600x314.png 600w, https:\/\/www.kipuka.fr\/site\/wp-content\/uploads\/2024\/05\/Mars_volcanoes_featured.png 1200w\" sizes=\"auto, (max-width: 1024px) 100vw, 1024px\" \/><figcaption class=\"wp-element-caption\"><em>Les Tharsis Montes, volcans g\u00e9ants martiens : Ascraeus Mons, Pavonis Mons et Arsia Mons, de gauche \u00e0 droite. Image composite captur\u00e9e par la High Resolution Stereo Camera de la sonde Mars Express.<\/em><br><em><a href=\"https:\/\/www.flickr.com\/photos\/132160802@N06\/23843525423\/\">CC BY-SA IGO ESA\/DLR\/FU Berlin\/J. Cowart.<\/a><\/em><\/figcaption><\/figure>\n\n\n\n<h2 class=\"wp-block-heading has-large-font-size\" id=\"mat\u00e9riaux\"><strong>Multiples usages des mat\u00e9riaux volcaniques<\/strong><\/h2>\n\n\n\n<p class=\"has-medium-font-size\">\u00c0 quoi peuvent bien servir les volcans&nbsp;? En Auvergne, au-del\u00e0 d\u2019offrir un beau cadre pour les promenades, les volcans ont \u00e9t\u00e9 ou sont toujours exploit\u00e9s pour leurs pierres. La pierre de Volvic, omnipr\u00e9sente dans l\u2019architecture r\u00e9gionale&nbsp;; mais aussi le trachyte (sarcophages m\u00e9rovingiens), la pouzzolane, les pierres ponces\u2026 Ailleurs sur la plan\u00e8te, d\u2019autres mat\u00e9riaux volcaniques sont exploit\u00e9s pour des utilisations tr\u00e8s diverses. Les d\u00e9p\u00f4ts de cendres du Merapi (Indon\u00e9sie) fournissent un sable pris\u00e9&nbsp;; les and\u00e9sites du Mexique font d\u2019excellents mortiers&nbsp;; le soufre d\u2019Islande a \u00e9t\u00e9 exploit\u00e9 depuis les Vikings\u2026 Revue des multiples usages des mat\u00e9riaux volcaniques, en Auvergne et dans le monde.<\/p>\n\n\n\n<figure class=\"wp-block-image size-large is-resized\"><img loading=\"lazy\" decoding=\"async\" width=\"1024\" height=\"691\" src=\"https:\/\/www.kipuka.fr\/site\/wp-content\/uploads\/2025\/07\/Materiaux-1024x691.jpg\" alt=\"Tailleur de pierre dans une carri\u00e8re de Volvic en 1981.\" class=\"wp-image-1795\" style=\"width:620px;height:auto\" srcset=\"https:\/\/www.kipuka.fr\/site\/wp-content\/uploads\/2025\/07\/Materiaux-1024x691.jpg 1024w, https:\/\/www.kipuka.fr\/site\/wp-content\/uploads\/2025\/07\/Materiaux-300x203.jpg 300w, https:\/\/www.kipuka.fr\/site\/wp-content\/uploads\/2025\/07\/Materiaux-768x518.jpg 768w, https:\/\/www.kipuka.fr\/site\/wp-content\/uploads\/2025\/07\/Materiaux-600x405.jpg 600w, https:\/\/www.kipuka.fr\/site\/wp-content\/uploads\/2025\/07\/Materiaux.jpg 1280w\" sizes=\"auto, (max-width: 1024px) 100vw, 1024px\" \/><figcaption class=\"wp-element-caption\"><em>Un tailleur de pierre dans une carri\u00e8re de trachyand\u00e9site de Volvic en 1981. CC BY-SA Gerard Dukker.<\/em><\/figcaption><\/figure>\n\n\n\n<h2 class=\"wp-block-heading has-large-font-size\" id=\"po\u00e9sie\"><strong>La figure du volcan dans la po\u00e9sie<\/strong> antique<\/h2>\n\n\n\n<p class=\"has-medium-font-size\">Il existe des centaines d\u2019auteurs ayant consacr\u00e9 des vers aux volcans, depuis les po\u00e8tes latins (<em>Aetna<\/em>, compos\u00e9 vers 60\u201370 de notre \u00e8re) jusqu\u2019\u00e0 Aim\u00e9 C\u00e9saire, en passant par Victor Hugo (\u00ab&nbsp;Quand longtemps a grond\u00e9 la bouche du V\u00e9suve&nbsp;\u00bb). Dans cette conf\u00e9rence, nous nous int\u00e9resserons essentiellement \u00e0 la po\u00e9sie de l&rsquo;Antiquit\u00e9, malgr\u00e9 quelques incursions \u00e0 des \u00e9poques plus tardives. \u00c0 travers divers extraits de po\u00e8mes, nous verrons ce que ces textes nous apprennent sur les mythes et la science g\u00e9ologique des Anciens. Ou quand la volcanologie rencontre la litt\u00e9rature\u2026<\/p>\n\n\n\n<figure class=\"wp-block-image size-full is-resized\"><img loading=\"lazy\" decoding=\"async\" width=\"678\" height=\"409\" src=\"https:\/\/www.kipuka.fr\/site\/wp-content\/uploads\/2025\/04\/Mauduit.png\" alt=\"Extrait du po\u00e8me &quot;La Neige du Mont-Etna incorruptible au milieu des flammes&quot;, de Michel Mauduit.\" class=\"wp-image-1625\" style=\"width:620px;height:auto\" srcset=\"https:\/\/www.kipuka.fr\/site\/wp-content\/uploads\/2025\/04\/Mauduit.png 678w, https:\/\/www.kipuka.fr\/site\/wp-content\/uploads\/2025\/04\/Mauduit-300x181.png 300w, https:\/\/www.kipuka.fr\/site\/wp-content\/uploads\/2025\/04\/Mauduit-600x362.png 600w\" sizes=\"auto, (max-width: 678px) 100vw, 678px\" \/><figcaption class=\"wp-element-caption\"><em>La fin du po\u00e8me <\/em>La Neige du Mont-Etna incorruptible au milieu des flammes<em>, publi\u00e9 par Michel Mauduit en 1681.<\/em><\/figcaption><\/figure>\n\n\n\n<h2 class=\"wp-block-heading has-large-font-size\" id=\"climat\"><strong>Volcans et climat : des interactions multiples<\/strong><\/h2>\n\n\n\n<p class=\"has-medium-font-size\">Les volcans ont une influence sur le climat. En particulier, les grandes \u00e9ruptions peuvent refroidir l&rsquo;atmosph\u00e8re en \u00e9mettant de grandes quantit\u00e9s d&rsquo;a\u00e9rosols bloquant le rayonnement solaire. Elles peuvent aussi impacter les pr\u00e9cipitations, changer le cycle des moussons\u2026 \u00c0 l&rsquo;inverse, le climat peut aussi avoir une influence sur les volcans. En acc\u00e9l\u00e9rant la d\u00e9glaciation, le changement climatique actuel pourrait entra\u00eener une hausse de la fr\u00e9quence des \u00e9ruptions.<\/p>\n\n\n\n<figure class=\"wp-block-image size-large\"><img loading=\"lazy\" decoding=\"async\" width=\"1024\" height=\"691\" src=\"https:\/\/www.kipuka.fr\/site\/wp-content\/uploads\/2025\/07\/Climat-1024x691.jpg\" alt=\"Le panache de cendre du Hunga Tonga\u2013Hunga Ha\u02bbapai au-dessus du Pacifique en janvier 2022.\" class=\"wp-image-1794\" srcset=\"https:\/\/www.kipuka.fr\/site\/wp-content\/uploads\/2025\/07\/Climat-1024x691.jpg 1024w, https:\/\/www.kipuka.fr\/site\/wp-content\/uploads\/2025\/07\/Climat-300x203.jpg 300w, https:\/\/www.kipuka.fr\/site\/wp-content\/uploads\/2025\/07\/Climat-768x518.jpg 768w, https:\/\/www.kipuka.fr\/site\/wp-content\/uploads\/2025\/07\/Climat-600x405.jpg 600w, https:\/\/www.kipuka.fr\/site\/wp-content\/uploads\/2025\/07\/Climat.jpg 1280w\" sizes=\"auto, (max-width: 1024px) 100vw, 1024px\" \/><figcaption class=\"wp-element-caption\"><em>Panache de cendre dans l&rsquo;atmosph\u00e8re apr\u00e8s l&rsquo;\u00e9ruption du Hunga Tonga\u2013Hunga Ha\u02bbapai, vu depuis la station spatiale internationale le 16 janvier 2022. <a href=\"https:\/\/www.flickr.com\/photos\/nasa2explore\/51832388069\/\">CC BY-NC-ND NASA\u2009\/\u2009Kayla Barron<\/a>.<\/em><\/figcaption><\/figure>\n\n\n\n<h2 class=\"wp-block-heading has-large-font-size\" id=\"vivant\"><strong>Les volcans et le vivant<\/strong><\/h2>\n\n\n\n<p>Les volcans sont souvent per\u00e7us comme des environnements hostiles : chaleurs \u00e9lev\u00e9es, gaz toxiques et remous fr\u00e9quents en font des milieux peu propices \u00e0 la vie. Pourtant, en d\u00e9pit de ces conditions parfois extr\u00eames, des organismes parviennent \u00e0 y prosp\u00e9rer. Certaines esp\u00e8ces exploitent les propri\u00e9t\u00e9s des environnements volcaniques \u00e0 leur profit, d\u00e9veloppant des \u00e9cosyst\u00e8mes florissants. Plus largement, le volcanisme est associ\u00e9 \u00e0 l&rsquo;\u00e9mergence de la vie sur Terre&#8230; et peut-\u00eatre m\u00eame sur d&rsquo;autres plan\u00e8tes ! Revue des nombreux liens tiss\u00e9s entre volcans et vivant.<\/p>\n\n\n\n<figure class=\"wp-block-image size-full is-resized\"><img loading=\"lazy\" decoding=\"async\" width=\"1280\" height=\"864\" src=\"https:\/\/www.kipuka.fr\/site\/wp-content\/uploads\/2025\/07\/Vivant.jpg\" alt=\"Des coul\u00e9es de lave recouvrent les flancs du K\u012blauea (Hawa\u00ef) en d\u00e9cembre 2017.\" class=\"wp-image-1793\" style=\"aspect-ratio:1.4161220043572984;width:650px;height:auto\" srcset=\"https:\/\/www.kipuka.fr\/site\/wp-content\/uploads\/2025\/07\/Vivant.jpg 1280w, https:\/\/www.kipuka.fr\/site\/wp-content\/uploads\/2025\/07\/Vivant-300x203.jpg 300w, https:\/\/www.kipuka.fr\/site\/wp-content\/uploads\/2025\/07\/Vivant-1024x691.jpg 1024w, https:\/\/www.kipuka.fr\/site\/wp-content\/uploads\/2025\/07\/Vivant-768x518.jpg 768w, https:\/\/www.kipuka.fr\/site\/wp-content\/uploads\/2025\/07\/Vivant-600x405.jpg 600w\" sizes=\"auto, (max-width: 1280px) 100vw, 1280px\" \/><figcaption class=\"wp-element-caption\"><em>Des <\/em>k\u012bpukas<em> subsistent aux milieux des coul\u00e9es de lave du K\u012blauea en d\u00e9cembre 2017. Ces \u00eelots de v\u00e9g\u00e9tation intacte constituent des r\u00e9servoirs de biodiversit\u00e9 pr\u00eate \u00e0 recoloniser les coul\u00e9es. USGS \/ C. Parcheta, domaine public.<\/em><\/figcaption><\/figure>\n\n\n\n<h2 class=\"wp-block-heading has-large-font-size\" id=\"Sancy\"><strong>Le volcanisme des monts Dore<\/strong><\/h2>\n\n\n\n<p>Le massif des monts Dore est le plus jeune stratovolcan du massif Central, avec une activit\u00e9 dat\u00e9e entre 3,1\u00a0millions d\u2019ann\u00e9es et 230\u00a0000\u00a0ans. Il est en r\u00e9alit\u00e9 constitu\u00e9 de deux \u00e9difices successifs\u00a0: le stratovolcan du Gu\u00e9ry et le stratovolcan du Sancy. Leurs reliefs ont largement \u00e9t\u00e9 creus\u00e9s par les derni\u00e8res glaciations, mais cette \u00e9rosion est une chance, car elle nous permet aujourd\u2019hui d\u2019admirer l\u2019int\u00e9rieur d\u2019un stratovolcan. Les successions de d\u00e9p\u00f4ts de cendres, de coul\u00e9es et de d\u00f4mes de lave, recoup\u00e9es par les filons d\u2019alimentation en magma, sont aujourd\u2019hui expos\u00e9es dans les parois des vall\u00e9es glaciaires. Ces \u00e9l\u00e9ments nous permettront de reconstituer l\u2019histoire g\u00e9ologique qui a donn\u00e9 naissance aux magnifiques paysages actuels du massif.<\/p>\n\n\n\n<figure class=\"wp-block-image size-full\"><img loading=\"lazy\" decoding=\"async\" width=\"1080\" height=\"720\" src=\"https:\/\/www.kipuka.fr\/site\/wp-content\/uploads\/2026\/02\/Sancy.jpg\" alt=\"Le massif du Sancy sous la neige.\" class=\"wp-image-2015\" style=\"aspect-ratio:1.4161220043572984\" srcset=\"https:\/\/www.kipuka.fr\/site\/wp-content\/uploads\/2026\/02\/Sancy.jpg 1080w, https:\/\/www.kipuka.fr\/site\/wp-content\/uploads\/2026\/02\/Sancy-300x200.jpg 300w, https:\/\/www.kipuka.fr\/site\/wp-content\/uploads\/2026\/02\/Sancy-1024x683.jpg 1024w, https:\/\/www.kipuka.fr\/site\/wp-content\/uploads\/2026\/02\/Sancy-768x512.jpg 768w, https:\/\/www.kipuka.fr\/site\/wp-content\/uploads\/2026\/02\/Sancy-600x400.jpg 600w\" sizes=\"auto, (max-width: 1080px) 100vw, 1080px\" \/><figcaption class=\"wp-element-caption\"><em>Le puy de Sancy, point culminant du massif volcanique des monts Dore. CC BY Jean-Marie Prival.<\/em><\/figcaption><\/figure>\n\n\n\n<p>Pour toute demande relative \u00e0 une conf\u00e9rence sur les volcans, <a href=\"https:\/\/www.kipuka.fr\/site\/contact\/\">contactez-nous<\/a> \u00e0 <a href=\"mailto:conf@kipuka.fr\">conf@kipuka.fr<\/a><\/p>\n\n\n\n<p>Si vous souhaitez assister \u00e0 une conf\u00e9rence, voici le <a href=\"https:\/\/www.kipuka.fr\/site\/planning-des-conferences-sur-les-volcans\/\">planning<\/a> pr\u00e9visionnel.<\/p>\n","protected":false},"excerpt":{"rendered":"<p>Vous \u00eates un lyc\u00e9e, un club de naturalistes, une association, une universit\u00e9 du temps libre, une m\u00e9diath\u00e8que&#8230; Jean-Marie Prival, docteur en volcanologie, peut intervenir dans votre structure pour pr\u00e9senter une conf\u00e9rence de vulgarisation scientifique sur les volcans. Les six th\u00e9matiques suivantes sont propos\u00e9es (autres sujets possibles sur demande)\u00a0: \u2013 Derni\u00e8res d\u00e9couvertes du volcanisme extraterrestre\u2013 Multiples [&hellip;]<\/p>\n","protected":false},"author":1,"featured_media":0,"parent":0,"menu_order":0,"comment_status":"closed","ping_status":"closed","template":"page-no-title","meta":{"footnotes":""},"class_list":["post-216","page","type-page","status-publish","hentry"],"_links":{"self":[{"href":"https:\/\/www.kipuka.fr\/site\/wp-json\/wp\/v2\/pages\/216","targetHints":{"allow":["GET"]}}],"collection":[{"href":"https:\/\/www.kipuka.fr\/site\/wp-json\/wp\/v2\/pages"}],"about":[{"href":"https:\/\/www.kipuka.fr\/site\/wp-json\/wp\/v2\/types\/page"}],"author":[{"embeddable":true,"href":"https:\/\/www.kipuka.fr\/site\/wp-json\/wp\/v2\/users\/1"}],"replies":[{"embeddable":true,"href":"https:\/\/www.kipuka.fr\/site\/wp-json\/wp\/v2\/comments?post=216"}],"version-history":[{"count":27,"href":"https:\/\/www.kipuka.fr\/site\/wp-json\/wp\/v2\/pages\/216\/revisions"}],"predecessor-version":[{"id":2017,"href":"https:\/\/www.kipuka.fr\/site\/wp-json\/wp\/v2\/pages\/216\/revisions\/2017"}],"wp:attachment":[{"href":"https:\/\/www.kipuka.fr\/site\/wp-json\/wp\/v2\/media?parent=216"}],"curies":[{"name":"wp","href":"https:\/\/api.w.org\/{rel}","templated":true}]}}